{"id":4935,"date":"2026-02-16T16:51:20","date_gmt":"2026-02-16T15:51:20","guid":{"rendered":"https:\/\/www.ig-zug.ch\/mekteb\/"},"modified":"2026-03-13T15:51:57","modified_gmt":"2026-03-13T14:51:57","slug":"mekteb","status":"publish","type":"page","link":"https:\/\/www.ig-zug.ch\/bs\/sekcije\/mekteb\/","title":{"rendered":"Mekteb"},"content":{"rendered":"<div class=\"wpb-content-wrapper\"><p>[vc_row hide_bg_image_on_tablet=\u201d\u201d hide_bg_image_on_mobile=\u201d\u201d css=\u201d.vc_custom_1771492973973{margin-top: 10em !important;margin-bottom: 10em !important;}\u201d el_class=\u201dmobilesmargin\u201d][vc_column]<div id=\"sc_icons_1421459670\" \n\tclass=\"sc_icons sc_icons_default sc_icons_size_small sc_align_center  vc_custom_1507306720447\"><div class=\"sc_icons_item\"><div id=\"sc_icons_1421459670_icon-icon-shaha-00\" class=\"sc_icons_icon sc_icon_type_ icon-icon-shaha-00\"\n\t\t\t\t\t\t\t\t\t\t\t\t><span class=\"sc_icon_type_ icon-icon-shaha-00\"><\/span><\/div><\/div><\/div><!-- \/.sc_icons --><div id=\"sc_title_1969833856\"\n\t\tclass=\"sc_title color_style_default sc_title_default\"><h1 class=\"sc_item_title sc_title_title sc_align_center sc_item_title_style_default sc_item_title_tag\">Mekteb<\/h1><div class=\"sc_item_descr sc_title_descr sc_align_center\"><p>Mekteb D\u017eemata Zug predstavlja temelj vjerskog odgoja i obrazovanja djece i mladih. Kroz mektebsku nastavu djeca se upoznaju s osnovama islama, islamskim vrijednostima i moralnim principima te razvijaju osje\u0107aj pripadnosti zajednici u kojoj odrastaju.<\/p>\n<p>Mekteb je va\u017ean prostor u\u010denja, odgoja i me\u0111usobnog povezivanja, prilago\u0111en \u017eivotu djece i porodica u \u0161vicarskom dru\u0161tvu.<\/p>\n<\/div><\/div><!-- \/.sc_title --><div class=\"sc_item_button sc_button_wrap sc_align_center\"><a href=\"#kontinuitet\" id=\"sc_button_924466147\" class=\"sc_button color_style_default sc_button_default  vc_custom_1771256165020 sc_button_size_normal sc_button_icon_left\"><span class=\"sc_button_text\"><span class=\"sc_button_title\">Vi\u0161e<\/span><\/span><!-- \/.sc_button_text --><\/a><!-- \/.sc_button --><\/div><!-- \/.sc_item_button -->[\/vc_column][\/vc_row][vc_row full_width=\u201dstretch_row\u201d scheme=\u201ddefault\u201d hide_bg_image_on_tablet=\u201d\u201d hide_bg_image_on_mobile=\u201d\u201d css=\u201d.vc_custom_1771493013067{padding-top: 8em !important;padding-bottom: 8em !important;background-color: #AF967530 !important;}\u201d el_id=\u201dkontinuitet\u201d el_class=\u201dmobilespace\u201d][vc_column width=\u201d1\/2\u201d icons_position=\u201dleft\u201d css=\u201d.vc_custom_1769988806696{padding-right: 3em !important;}\u201d]<div id=\"sc_title_636683060\"\n\t\tclass=\"sc_title color_style_default sc_title_default\"><h3 class=\"sc_item_title sc_title_title sc_align_left sc_item_title_style_default\">Cilj mektebske nastave<\/h3><\/div><!-- \/.sc_title -->[vc_column_text css=\u201d.vc_custom_1772749039699{padding-top: 2em !important;padding-bottom: 2em !important;}\u201d]Cilj mekteba je da djeci i mladima pru\u017ei:<\/p>\n<ul>\n<li>osnovno znanje o islamu i islamskoj praksi<\/li>\n<li>upoznavanje s Kur'anom i temeljnim vjerskim propisima<\/li>\n<li>razvoj moralnih vrijednosti poput po\u0161tovanja, odgovornosti i solidarnosti<\/li>\n<li>ja\u010danje islamskog identiteta u pozitivnom i otvorenom okru\u017eenju<\/li>\n<\/ul>\n<p>Jedan od va\u017enih ciljeva mektebske nastave jeste prenijeti djeci poruku da svoju vjeru mogu \u017eivjeti svjesno i odgovorno, u skladu s dru\u0161tvenim \u017eivotom u \u0160vicarskoj te uz po\u0161tivanje \u0161vicarskih zakona i temeljnih vrijednosti.<\/p>\n<p>Mektebska nastava tako\u0111er nadopunjuje porodi\u010dni odgoj i poma\u017ee djeci da vjeru bolje razumiju i primjenjuju je u svakodnevnom \u017eivotu.[\/vc_column_text][\/vc_column][vc_column width=\u201d1\/2\u201d el_class=\u201dmobiletoppad\u201d][vc_single_image image=\u201d5699\u201d img_size=\u201dfull\u201d alignment=\u201dright\u201d css_animation=\u201dfadeInRight\u201d css=\u201d.vc_custom_1773413447052{padding-left: 0.5em !important;}\u201d el_class=\u201dround-edge\u201d][\/vc_column][\/vc_row][vc_row full_width=\u201dstretch_row\u201d hide_bg_image_on_tablet=\u201d\u201d hide_bg_image_on_mobile=\u201d\u201d css=\u201d.vc_custom_1772305164180{padding-top: 15em !important;padding-bottom: 15em !important;background-image: url(https:\/\/www.ig-zug.ch\/wp-content\/uploads\/mesjid1.webp?id=5114) !important;background-position: center !important;background-repeat: no-repeat !important;background-size: cover !important;}\u201d el_id=\u201do-nama\u201d el_class=\u201dmobilespace\u201d][vc_column width=\u201d1\/2\u201d icons_position=\u201dleft\u201d][\/vc_column][vc_column width=\u201d1\/2\u201d icons_position=\u201dleft\u201d]<div id=\"sc_title_1313689504\"\n\t\tclass=\"sc_title color_style_default scheme_dark sc_title_default\"><h3 class=\"sc_item_title sc_title_title sc_align_left sc_item_title_style_default\">Saradnja s roditeljima<\/h3><div class=\"sc_item_descr sc_title_descr sc_align_left\"><p>Roditelji imaju va\u017enu ulogu u mektebskom odgoju. D\u017eemat Zug njeguje otvorenu i kontinuiranu saradnju s roditeljima kroz:<\/p>\n<ul>\n<li>redovnu komunikaciju<\/li>\n<li>informisanje o sadr\u017eaju i rasporedu nastave<\/li>\n<li>zajedni\u010dko pra\u0107enje napretka djece<\/li>\n<\/ul>\n<p>Cilj ove saradnje je stvaranje zdravog i podsticajnog okru\u017eenja za razvoj djece.<\/p>\n<\/div><\/div><!-- \/.sc_title -->[\/vc_column][\/vc_row][vc_row full_width=\u201dstretch_row\u201d scheme=\u201ddefault\u201d hide_bg_image_on_tablet=\u201d\u201d hide_bg_image_on_mobile=\u201d\u201d css=\u201d.vc_custom_1771503555176{padding-top: 8em !important;padding-bottom: 8em !important;background-color: #FFFFFF00 !important;}\u201d el_id=\u201dvjerskiprogram\u201d el_class=\u201dmobilespace reverse-col-on-mobile\u201d][vc_column width=\u201d1\/2\u201d][vc_single_image image=\u201d5102\u201d img_size=\u201dfull\u201d alignment=\u201dright\u201d css_animation=\u201dfadeInLeft\u201d css=\u201d.vc_custom_1773413477585{padding-right: 0.5em !important;}\u201d el_class=\u201dround-edge\u201d][\/vc_column][vc_column width=\u201d1\/2\u201d icons_position=\u201dleft\u201d css=\u201d.vc_custom_1771493105696{padding-left: 3em !important;}\u201d el_class=\u201dmobiletoppad\u201d]<div id=\"sc_title_926468601\"\n\t\tclass=\"sc_title color_style_default sc_title_default\"><h3 class=\"sc_item_title sc_title_title sc_align_left sc_item_title_style_default\">Organizacija nastave<\/h3><\/div><!-- \/.sc_title -->[vc_column_text css=\u201d.vc_custom_1772749083817{padding-top: 2em !important;padding-bottom: 2em !important;}\u201d]Mekteb D\u017eemata Zug organizuje se redovno tokom godine, u skladu s planom i programom Islamske zajednice.<\/p>\n<p>Nastava je prilago\u0111ena uzrastu djece i odvija se u sigurnom i podsticajnom okru\u017eenju. Nastavu izvode imam i kvalifikovani muallimi, uz poseban naglasak na pedago\u0161ki pristup, razumijevanje i komunikaciju s djecom.[\/vc_column_text][\/vc_column][\/vc_row][vc_row full_width=\u201dstretch_row\u201d scheme=\u201ddefault\u201d hide_bg_image_on_tablet=\u201d\u201d hide_bg_image_on_mobile=\u201d\u201d css=\u201d.vc_custom_1771493040890{padding-top: 8em !important;padding-bottom: 8em !important;background-color: #AF967530 !important;}\u201d el_class=\u201dmobilespace\u201d][vc_column width=\u201d1\/2\u201d icons_position=\u201dleft\u201d css=\u201d.vc_custom_1769988806696{padding-right: 3em !important;}\u201d]<div id=\"sc_title_67747752\"\n\t\tclass=\"sc_title color_style_default sc_title_default\"><h3 class=\"sc_item_title sc_title_title sc_align_left sc_item_title_style_default\">Mekteb kao dio \u017eivota zajednice<\/h3><\/div><!-- \/.sc_title -->[vc_column_text css=\u201d.vc_custom_1772749104970{padding-top: 2em !important;padding-bottom: 2em !important;}\u201d]Mekteb nije samo mjesto u\u010denja, ve\u0107 i va\u017ean dio \u017eivota d\u017eemata. Djeca i mladi u\u010destvuju u:<\/p>\n<ul>\n<li>vjerskim i sve\u010danim programima<\/li>\n<li>ramazanskim aktivnostima<\/li>\n<li>zajedni\u010dkim okupljanjima i doga\u0111ajima<\/li>\n<\/ul>\n<p>Na taj na\u010din se od najranijih godina razvija osje\u0107aj pripadnosti, zajedni\u0161tva i odgovornosti.[\/vc_column_text][\/vc_column][vc_column width=\u201d1\/2\u201d el_class=\u201dmobiletoppad\u201d][vc_single_image image=\u201d5700\u201d img_size=\u201dfull\u201d alignment=\u201dright\u201d css_animation=\u201dfadeInRight\u201d css=\u201d.vc_custom_1773413513682{padding-left: 0.5em !important;}\u201d el_class=\u201dround-edge\u201d][\/vc_column][\/vc_row][vc_row full_width=\u201dstretch_row\u201d hide_bg_image_on_tablet=\u201d\u201d hide_bg_image_on_mobile=\u201d\u201d css=\u201d.vc_custom_1772305261092{padding-top: 15em !important;padding-bottom: 15em !important;background-image: url(https:\/\/www.ig-zug.ch\/wp-content\/uploads\/mesjid-nostalgie.webp?id=5117) !important;background-position: center !important;background-repeat: no-repeat !important;background-size: cover !important;}\u201d el_class=\u201dshaha_youth_programs mobilespace\u201d][vc_column width=\u201d1\/2\u201d icons_position=\u201dleft\u201d]<div id=\"sc_title_891401874\"\n\t\tclass=\"sc_title color_style_default sc_title_default\"><h3 class=\"sc_item_title sc_title_title sc_align_left sc_item_title_style_default\">Upis i informacije<\/h3><\/div><!-- \/.sc_title -->[vc_column_text css=\u201d.vc_custom_1772749123294{padding-top: 2em !important;padding-bottom: 2em !important;}\u201d]Informacije o:<\/p>\n<ul>\n<li>Upisu u mekteb<\/li>\n<li>Rasporedu nastave<\/li>\n<li>Po\u010detku \u0161kolske godine<\/li>\n<li>Kontaktu za roditelje<\/li>\n<\/ul>\n<p>dostupne su putem d\u017eemata.<\/p>\n<p>Za sve dodatne informacije i prijave molimo da nas kontaktirate.[\/vc_column_text]<a href=\"\/kontakt\" id=\"sc_button_1255023789\" class=\"sc_button color_style_default sc_button_default  vc_custom_1771257845431 sc_button_size_normal sc_button_icon_left\" target=\"_blank\"><span class=\"sc_button_text\"><span class=\"sc_button_title\">Kontakt<\/span><\/span><!-- \/.sc_button_text --><\/a><!-- \/.sc_button -->[\/vc_column][vc_column width=\u201d1\/2\u201d icons_position=\u201dleft\u201d][\/vc_column][\/vc_row]<\/p>\n<\/div>","protected":false},"excerpt":{"rendered":"<p>[vc_row hide_bg_image_on_tablet=\u201d\u201d hide_bg_image_on_mobile=\u201d\u201d css=\u201d.vc_custom_1771492973973{margin-top: 10em !important;margin-bottom: 10em !important;}\u201d el_class=\u201dmobilesmargin\u201d][vc_column][\/vc_column][\/vc_row][vc_row full_width=\u201dstretch_row\u201d scheme=\u201ddefault\u201d hide_bg_image_on_tablet=\u201d\u201d hide_bg_image_on_mobile=\u201d\u201d css=\u201d.vc_custom_1771493013067{padding-top: 8em !important;padding-bottom: 8em !important;background-color: #AF967530 !important;}\u201d el_id=\u201dkontinuitet\u201d el_class=\u201dmobilespace\u201d][vc_column width=\u201d1\/2\u201d icons_position=\u201dleft\u201d css=\u201d.vc_custom_1769988806696{padding-right:&hellip;<\/p>\n","protected":false},"author":1,"featured_media":0,"parent":4923,"menu_order":0,"comment_status":"closed","ping_status":"closed","template":"","meta":{"footnotes":""},"class_list":["post-4935","page","type-page","status-publish","hentry"],"yoast_head":"<!-- This site is optimized with the Yoast SEO plugin v27.4 - https:\/\/yoast.com\/product\/yoast-seo-wordpress\/ -->\n<title>Mekteb | Vjerska edukacija u D\u017eematu Zug<\/title>\n<meta name=\"description\" content=\"Mekteb D\u017eemata Zug pru\u017ea vjersko obrazovanje i odgoj djece i omladine. Kroz u\u010denje islama ja\u010damo znanje, vrijednosti i identitet.\" \/>\n<meta name=\"robots\" content=\"index, follow, max-snippet:-1, max-image-preview:large, max-video-preview:-1\" \/>\n<link rel=\"canonical\" href=\"https:\/\/www.ig-zug.ch\/bs\/sekcije\/mekteb\/\" \/>\n<meta property=\"og:locale\" content=\"bs_BA\" \/>\n<meta property=\"og:type\" content=\"article\" \/>\n<meta property=\"og:title\" content=\"Mekteb | Vjerska edukacija u D\u017eematu Zug\" \/>\n<meta property=\"og:description\" content=\"Mekteb D\u017eemata Zug pru\u017ea vjersko obrazovanje i odgoj djece i omladine. Kroz u\u010denje islama ja\u010damo znanje, vrijednosti i identitet.\" \/>\n<meta property=\"og:url\" content=\"https:\/\/www.ig-zug.ch\/bs\/sekcije\/mekteb\/\" \/>\n<meta property=\"og:site_name\" content=\"D\u017eemat Zug\" \/>\n<meta property=\"article:modified_time\" content=\"2026-03-13T14:51:57+00:00\" \/>\n<meta name=\"twitter:card\" content=\"summary_large_image\" \/>\n<meta name=\"twitter:label1\" content=\"Est. reading time\" \/>\n\t<meta name=\"twitter:data1\" content=\"4 minute\" \/>\n<script type=\"application\/ld+json\" class=\"yoast-schema-graph\">{\"@context\":\"https:\\\/\\\/schema.org\",\"@graph\":[{\"@type\":\"WebPage\",\"@id\":\"https:\\\/\\\/www.ig-zug.ch\\\/bs\\\/sekcije\\\/mekteb\\\/\",\"url\":\"https:\\\/\\\/www.ig-zug.ch\\\/bs\\\/sekcije\\\/mekteb\\\/\",\"name\":\"Mekteb | Vjerska edukacija u D\u017eematu Zug\",\"isPartOf\":{\"@id\":\"https:\\\/\\\/www.ig-zug.ch\\\/bs\\\/#website\"},\"datePublished\":\"2026-02-16T15:51:20+00:00\",\"dateModified\":\"2026-03-13T14:51:57+00:00\",\"description\":\"Mekteb D\u017eemata Zug pru\u017ea vjersko obrazovanje i odgoj djece i omladine. Kroz u\u010denje islama ja\u010damo znanje, vrijednosti i identitet.\",\"breadcrumb\":{\"@id\":\"https:\\\/\\\/www.ig-zug.ch\\\/bs\\\/sekcije\\\/mekteb\\\/#breadcrumb\"},\"inLanguage\":\"bs-BA\",\"potentialAction\":[{\"@type\":\"ReadAction\",\"target\":[\"https:\\\/\\\/www.ig-zug.ch\\\/bs\\\/sekcije\\\/mekteb\\\/\"]}]},{\"@type\":\"BreadcrumbList\",\"@id\":\"https:\\\/\\\/www.ig-zug.ch\\\/bs\\\/sekcije\\\/mekteb\\\/#breadcrumb\",\"itemListElement\":[{\"@type\":\"ListItem\",\"position\":1,\"name\":\"Start\",\"item\":\"https:\\\/\\\/www.ig-zug.ch\\\/bs\\\/\"},{\"@type\":\"ListItem\",\"position\":2,\"name\":\"Sekcije\",\"item\":\"https:\\\/\\\/www.ig-zug.ch\\\/bs\\\/sektionen\\\/\"},{\"@type\":\"ListItem\",\"position\":3,\"name\":\"Mekteb\"}]},{\"@type\":\"WebSite\",\"@id\":\"https:\\\/\\\/www.ig-zug.ch\\\/bs\\\/#website\",\"url\":\"https:\\\/\\\/www.ig-zug.ch\\\/bs\\\/\",\"name\":\"Verein IG des Kantons Zug\",\"description\":\"Bosnischer Kulturverein\",\"publisher\":{\"@id\":\"https:\\\/\\\/www.ig-zug.ch\\\/bs\\\/#organization\"},\"potentialAction\":[{\"@type\":\"SearchAction\",\"target\":{\"@type\":\"EntryPoint\",\"urlTemplate\":\"https:\\\/\\\/www.ig-zug.ch\\\/bs\\\/?s={search_term_string}\"},\"query-input\":{\"@type\":\"PropertyValueSpecification\",\"valueRequired\":true,\"valueName\":\"search_term_string\"}}],\"inLanguage\":\"bs-BA\"},{\"@type\":\"Organization\",\"@id\":\"https:\\\/\\\/www.ig-zug.ch\\\/bs\\\/#organization\",\"name\":\"D\u017eemat Zug\",\"url\":\"https:\\\/\\\/www.ig-zug.ch\\\/bs\\\/\",\"logo\":{\"@type\":\"ImageObject\",\"inLanguage\":\"bs-BA\",\"@id\":\"https:\\\/\\\/www.ig-zug.ch\\\/bs\\\/#\\\/schema\\\/logo\\\/image\\\/\",\"url\":\"https:\\\/\\\/www.ig-zug.ch\\\/wp-content\\\/uploads\\\/2026\\\/01\\\/DzZ_Logo_fullwhite.png\",\"contentUrl\":\"https:\\\/\\\/www.ig-zug.ch\\\/wp-content\\\/uploads\\\/2026\\\/01\\\/DzZ_Logo_fullwhite.png\",\"width\":250,\"height\":60,\"caption\":\"D\u017eemat Zug\"},\"image\":{\"@id\":\"https:\\\/\\\/www.ig-zug.ch\\\/bs\\\/#\\\/schema\\\/logo\\\/image\\\/\"}}]}<\/script>\n<!-- \/ Yoast SEO plugin. -->","yoast_head_json":{"title":"Mekteb | Vjerska edukacija u D\u017eematu Zug","description":"Mekteb D\u017eemata Zug pru\u017ea vjersko obrazovanje i odgoj djece i omladine. Kroz u\u010denje islama ja\u010damo znanje, vrijednosti i identitet.","robots":{"index":"index","follow":"follow","max-snippet":"max-snippet:-1","max-image-preview":"max-image-preview:large","max-video-preview":"max-video-preview:-1"},"canonical":"https:\/\/www.ig-zug.ch\/bs\/sekcije\/mekteb\/","og_locale":"bs_BA","og_type":"article","og_title":"Mekteb | Vjerska edukacija u D\u017eematu Zug","og_description":"Mekteb D\u017eemata Zug pru\u017ea vjersko obrazovanje i odgoj djece i omladine. Kroz u\u010denje islama ja\u010damo znanje, vrijednosti i identitet.","og_url":"https:\/\/www.ig-zug.ch\/bs\/sekcije\/mekteb\/","og_site_name":"D\u017eemat Zug","article_modified_time":"2026-03-13T14:51:57+00:00","twitter_card":"summary_large_image","twitter_misc":{"Est. reading time":"4 minute"},"schema":{"@context":"https:\/\/schema.org","@graph":[{"@type":"WebPage","@id":"https:\/\/www.ig-zug.ch\/bs\/sekcije\/mekteb\/","url":"https:\/\/www.ig-zug.ch\/bs\/sekcije\/mekteb\/","name":"Mekteb | Vjerska edukacija u D\u017eematu Zug","isPartOf":{"@id":"https:\/\/www.ig-zug.ch\/bs\/#website"},"datePublished":"2026-02-16T15:51:20+00:00","dateModified":"2026-03-13T14:51:57+00:00","description":"Mekteb D\u017eemata Zug pru\u017ea vjersko obrazovanje i odgoj djece i omladine. Kroz u\u010denje islama ja\u010damo znanje, vrijednosti i identitet.","breadcrumb":{"@id":"https:\/\/www.ig-zug.ch\/bs\/sekcije\/mekteb\/#breadcrumb"},"inLanguage":"bs-BA","potentialAction":[{"@type":"ReadAction","target":["https:\/\/www.ig-zug.ch\/bs\/sekcije\/mekteb\/"]}]},{"@type":"BreadcrumbList","@id":"https:\/\/www.ig-zug.ch\/bs\/sekcije\/mekteb\/#breadcrumb","itemListElement":[{"@type":"ListItem","position":1,"name":"Start","item":"https:\/\/www.ig-zug.ch\/bs\/"},{"@type":"ListItem","position":2,"name":"Sekcije","item":"https:\/\/www.ig-zug.ch\/bs\/sektionen\/"},{"@type":"ListItem","position":3,"name":"Mekteb"}]},{"@type":"WebSite","@id":"https:\/\/www.ig-zug.ch\/bs\/#website","url":"https:\/\/www.ig-zug.ch\/bs\/","name":"Verein IG des Kantons Zug","description":"Bosnischer Kulturverein","publisher":{"@id":"https:\/\/www.ig-zug.ch\/bs\/#organization"},"potentialAction":[{"@type":"SearchAction","target":{"@type":"EntryPoint","urlTemplate":"https:\/\/www.ig-zug.ch\/bs\/?s={search_term_string}"},"query-input":{"@type":"PropertyValueSpecification","valueRequired":true,"valueName":"search_term_string"}}],"inLanguage":"bs-BA"},{"@type":"Organization","@id":"https:\/\/www.ig-zug.ch\/bs\/#organization","name":"D\u017eemat Zug","url":"https:\/\/www.ig-zug.ch\/bs\/","logo":{"@type":"ImageObject","inLanguage":"bs-BA","@id":"https:\/\/www.ig-zug.ch\/bs\/#\/schema\/logo\/image\/","url":"https:\/\/www.ig-zug.ch\/wp-content\/uploads\/2026\/01\/DzZ_Logo_fullwhite.png","contentUrl":"https:\/\/www.ig-zug.ch\/wp-content\/uploads\/2026\/01\/DzZ_Logo_fullwhite.png","width":250,"height":60,"caption":"D\u017eemat Zug"},"image":{"@id":"https:\/\/www.ig-zug.ch\/bs\/#\/schema\/logo\/image\/"}}]}},"_links":{"self":[{"href":"https:\/\/www.ig-zug.ch\/bs\/wp-json\/wp\/v2\/pages\/4935","targetHints":{"allow":["GET"]}}],"collection":[{"href":"https:\/\/www.ig-zug.ch\/bs\/wp-json\/wp\/v2\/pages"}],"about":[{"href":"https:\/\/www.ig-zug.ch\/bs\/wp-json\/wp\/v2\/types\/page"}],"author":[{"embeddable":true,"href":"https:\/\/www.ig-zug.ch\/bs\/wp-json\/wp\/v2\/users\/1"}],"replies":[{"embeddable":true,"href":"https:\/\/www.ig-zug.ch\/bs\/wp-json\/wp\/v2\/comments?post=4935"}],"version-history":[{"count":13,"href":"https:\/\/www.ig-zug.ch\/bs\/wp-json\/wp\/v2\/pages\/4935\/revisions"}],"predecessor-version":[{"id":5701,"href":"https:\/\/www.ig-zug.ch\/bs\/wp-json\/wp\/v2\/pages\/4935\/revisions\/5701"}],"up":[{"embeddable":true,"href":"https:\/\/www.ig-zug.ch\/bs\/wp-json\/wp\/v2\/pages\/4923"}],"wp:attachment":[{"href":"https:\/\/www.ig-zug.ch\/bs\/wp-json\/wp\/v2\/media?parent=4935"}],"curies":[{"name":"wp","href":"https:\/\/api.w.org\/{rel}","templated":true}]}}