{"id":4798,"date":"2026-02-11T22:29:00","date_gmt":"2026-02-11T21:29:00","guid":{"rendered":"https:\/\/www.ig-zug.ch\/znanje-o-islamu\/usluge\/"},"modified":"2026-03-05T23:35:08","modified_gmt":"2026-03-05T22:35:08","slug":"usluge","status":"publish","type":"page","link":"https:\/\/www.ig-zug.ch\/bs\/usluge\/","title":{"rendered":"Usluge"},"content":{"rendered":"<div class=\"wpb-content-wrapper\"><p>[vc_row hide_bg_image_on_tablet=\u201d\u201d hide_bg_image_on_mobile=\u201d\u201d css=\u201d.vc_custom_1771504161556{margin-top: 10em !important;margin-bottom: 10em !important;}\u201d el_class=\u201dmobilesmargin\u201d][vc_column]<div id=\"sc_icons_112291758\" \n\tclass=\"sc_icons sc_icons_default sc_icons_size_small sc_align_center  vc_custom_1507306720447\"><div class=\"sc_icons_item\"><div id=\"sc_icons_112291758_icon-icon-shaha-00\" class=\"sc_icons_icon sc_icon_type_ icon-icon-shaha-00\"\n\t\t\t\t\t\t\t\t\t\t\t\t><span class=\"sc_icon_type_ icon-icon-shaha-00\"><\/span><\/div><\/div><\/div><!-- \/.sc_icons --><div id=\"sc_title_529897302\"\n\t\tclass=\"sc_title color_style_default sc_title_default\"><h1 class=\"sc_item_title sc_title_title sc_align_center sc_item_title_style_default sc_item_title_tag\">Na\u0161e usluge<\/h1><div class=\"sc_item_descr sc_title_descr sc_align_center\"><p>D\u017eemat Zug pru\u017ea niz vjerskih i zajedni\u010dkih usluga koje prate \u010dlanove d\u017eemata u va\u017enim \u017eivotnim trenucima. Na\u0161 pristup temelji se na islamskim principima, dostojanstvu, povjerenju i odgovornosti prema pojedincu i porodici.<\/p>\n<p>Sve usluge pru\u017eaju se u skladu s pravilima Islamske zajednice i va\u017ee\u0107im zakonima \u0160vicarske.<\/p>\n<\/div><\/div><!-- \/.sc_title --><div class=\"sc_item_button sc_button_wrap sc_align_center\"><a href=\"#clanstvo\" id=\"sc_button_334814420\" class=\"sc_button color_style_default sc_button_default  vc_custom_1770845798767 sc_button_size_normal sc_button_icon_left\"><span class=\"sc_button_text\"><span class=\"sc_button_title\">Saznaj vi\u0161e<\/span><\/span><!-- \/.sc_button_text --><\/a><!-- \/.sc_button --><\/div><!-- \/.sc_item_button -->[\/vc_column][\/vc_row][vc_row full_width=\u201dstretch_row\u201d scheme=\u201ddefault\u201d hide_bg_image_on_tablet=\u201d\u201d hide_bg_image_on_mobile=\u201d\u201d css=\u201d.vc_custom_1771504146640{padding-top: 8em !important;padding-bottom: 8em !important;background-color: #AF967530 !important;}\u201d el_id=\u201dclanstvo\u201d el_class=\u201dmobilespace\u201d][vc_column width=\u201d1\/2\u201d icons_position=\u201dleft\u201d css=\u201d.vc_custom_1769988806696{padding-right: 3em !important;}\u201d]<div id=\"sc_title_788056420\"\n\t\tclass=\"sc_title color_style_default sc_title_default\"><h3 class=\"sc_item_title sc_title_title sc_align_left sc_item_title_style_default\">\u010clanstvo u D\u017eematu Zug<\/h3><\/div><!-- \/.sc_title -->[vc_column_text css=\u201d.vc_custom_1772749833709{padding-top: 2em !important;}\u201d]\u010clanstvo u D\u017eematu Zug zna\u010di pripadnost zajednici koja njeguje vjeru, zajedni\u0161tvo i odgovornost. \u010clanovi d\u017eemata aktivno doprinose radu i razvoju zajednice te u\u010destvuju u vjerskim, obrazovnim i dru\u0161tvenim aktivnostima.<\/p>\n<p>Prednosti \u010dlanstva uklju\u010duju:<\/p>\n<ul>\n<li>aktivno u\u010de\u0161\u0107e u \u017eivotu d\u017eemata<\/li>\n<li>podr\u0161ku u vjerskim pitanjima i aktivnostima<\/li>\n<li>pravo glasa u radu d\u017eemata<\/li>\n<li>doprinos o\u010duvanju zajednice za budu\u0107e generacije<\/li>\n<\/ul>\n<p>[\/vc_column_text]<div class=\"sc_item_button sc_button_wrap sc_align_left\"><a href=\"https:\/\/form.jotform.com\/Dzemat\/pristupnica\" id=\"sc_button_740544879\" class=\"sc_button color_style_default sc_button_default  vc_custom_1771504521026 sc_button_size_normal sc_button_icon_left\"><span class=\"sc_button_text\"><span class=\"sc_button_title\">Postanite \u010dlan<\/span><\/span><!-- \/.sc_button_text --><\/a><!-- \/.sc_button --><\/div><!-- \/.sc_item_button -->[\/vc_column][vc_column width=\u201d1\/2\u201d][vc_single_image image=\u201d4753\u201d img_size=\u201dfull\u201d alignment=\u201dright\u201d css_animation=\u201dfadeInRight\u201d css=\u201d.vc_custom_1772306134316{padding-left: 0.5em !important;}\u201d el_class=\u201dround-edge\u201d][\/vc_column][\/vc_row][vc_row full_width=\u201dstretch_row\u201d scheme=\u201ddefault\u201d hide_bg_image_on_tablet=\u201d\u201d hide_bg_image_on_mobile=\u201d\u201d css=\u201d.vc_custom_1771504141040{padding-top: 8em !important;padding-bottom: 8em !important;background-color: #FFFFFF00 !important;}\u201d el_id=\u201dvjerskiprogram\u201d el_class=\u201dreverse-col-on-mobile mobilespace\u201d][vc_column width=\u201d1\/2\u201d][vc_single_image image=\u201d5140\u201d img_size=\u201dfull\u201d alignment=\u201dright\u201d css_animation=\u201dfadeInLeft\u201d css=\u201d.vc_custom_1772306144968{padding-right: 0.5em !important;}\u201d el_class=\u201dround-edge\u201d][\/vc_column][vc_column width=\u201d1\/2\u201d icons_position=\u201dleft\u201d css=\u201d.vc_custom_1770241817018{padding-left: 3em !important;}\u201d]<div id=\"sc_title_2076322421\"\n\t\tclass=\"sc_title color_style_default sc_title_default\"><h3 class=\"sc_item_title sc_title_title sc_align_left sc_item_title_style_default\">Vjen\u010danje (Nikah)<\/h3><\/div><!-- \/.sc_title -->[vc_column_text css=\u201d.vc_custom_1772749867485{padding-top: 2em !important;}\u201d]Vjen\u010danje u islamu predstavlja va\u017ean temelj porodice i zajedni\u010dkog \u017eivota supru\u017enika. D\u017eemat Zug pru\u017ea vjersku podr\u0161ku i vodi postupak sklapanja \u0161erijatskog braka (nikaha).<\/p>\n<p>U okviru ove usluge nudimo:<\/p>\n<ul>\n<li>sklapanje nikaha uz prisustvo imama nakon obavljenog op\u0107inskog vjen\u010danja<\/li>\n<li>savjetovanje prije sklapanja braka<\/li>\n<li>informacije o potrebnoj dokumentaciji<\/li>\n<li>dogovor termina i organizaciju vjerskog vjen\u010danja<\/li>\n<\/ul>\n<p>Nikah se obavlja uz prethodni dogovor i u skladu s va\u017ee\u0107im vjerskim i pravnim propisima \u0160vicarske.<\/p>\n<p>Za dodatne informacije slobodno nas kontaktirajte.[\/vc_column_text]<div class=\"sc_item_button sc_button_wrap sc_align_left\"><a href=\"\/kontakt\" id=\"sc_button_1435073512\" class=\"sc_button color_style_default sc_button_default  vc_custom_1771504529311 sc_button_size_normal sc_button_icon_left\"><span class=\"sc_button_text\"><span class=\"sc_button_title\">Kontakt<\/span><\/span><!-- \/.sc_button_text --><\/a><!-- \/.sc_button --><\/div><!-- \/.sc_item_button -->[\/vc_column][\/vc_row][vc_row full_width=\u201dstretch_row\u201d scheme=\u201ddefault\u201d hide_bg_image_on_tablet=\u201d\u201d hide_bg_image_on_mobile=\u201d\u201d css=\u201d.vc_custom_1771504133178{padding-top: 8em !important;padding-bottom: 8em !important;background-color: #AF967530 !important;}\u201d el_id=\u201diftari\u201d el_class=\u201dmobilespace\u201d][vc_column width=\u201d1\/2\u201d icons_position=\u201dleft\u201d css=\u201d.vc_custom_1769988806696{padding-right: 3em !important;}\u201d]<div id=\"sc_title_620680548\"\n\t\tclass=\"sc_title color_style_default sc_title_default\"><h3 class=\"sc_item_title sc_title_title sc_align_left sc_item_title_style_default\">D\u017eenaza i podr\u0161ka u te\u0161kim trenucima<\/h3><\/div><!-- \/.sc_title -->[vc_column_text css=\u201d.vc_custom_1772749896381{padding-top: 2em !important;}\u201d]D\u017eenaza i podr\u0161ka u te\u0161kim trenucima<\/p>\n<p>U trenucima gubitka i tuge, D\u017eemat Zug stoji na raspolaganju porodicama preminulih, pru\u017eaju\u0107i vjersku, organizacijsku i ljudsku podr\u0161ku.<\/p>\n<p>Usluge uklju\u010duju:<\/p>\n<ul>\n<li>organizaciju d\u017eenaze-namaza<\/li>\n<li>vjersko savjetovanje porodice<\/li>\n<li>koordinaciju s nadle\u017enim institucijama<\/li>\n<li>podr\u0161ku u skladu s islamskom tradicijom i lokalnim propisima<\/li>\n<\/ul>\n<p>Na\u0161 cilj je pomo\u0107i porodicama da ove te\u0161ke trenutke pro\u0111u uz dostojanstvo, po\u0161tovanje i potrebnu podr\u0161ku.[\/vc_column_text]<div class=\"sc_item_button sc_button_wrap sc_align_left\"><a href=\"\/kontakt\" id=\"sc_button_167984686\" class=\"sc_button color_style_default sc_button_default  vc_custom_1771504547878 sc_button_size_normal sc_button_icon_left\"><span class=\"sc_button_text\"><span class=\"sc_button_title\">Kontakt<\/span><\/span><!-- \/.sc_button_text --><\/a><!-- \/.sc_button --><\/div><!-- \/.sc_item_button -->[\/vc_column][vc_column width=\u201d1\/2\u201d][vc_single_image image=\u201d5141\u201d img_size=\u201dfull\u201d alignment=\u201dright\u201d css_animation=\u201dfadeInRight\u201d css=\u201d.vc_custom_1772306155533{padding-left: 0.5em !important;}\u201d el_class=\u201dround-edge\u201d][\/vc_column][\/vc_row][vc_row full_width=\u201dstretch_row\u201d scheme=\u201ddefault\u201d hide_bg_image_on_tablet=\u201d\u201d hide_bg_image_on_mobile=\u201d\u201d css=\u201d.vc_custom_1771504119005{padding-top: 8em !important;padding-bottom: 8em !important;background-color: #FFFFFF00 !important;}\u201d el_id=\u201dbajramnamaz\u201d el_class=\u201dreverse-col-on-mobile mobilespace\u201d][vc_column width=\u201d1\/2\u201d][vc_single_image image=\u201d5104\u201d img_size=\u201dfull\u201d alignment=\u201dright\u201d css_animation=\u201dfadeInLeft\u201d css=\u201d.vc_custom_1772306168224{padding-right: 0.5em !important;}\u201d el_class=\u201dround-edge\u201d][\/vc_column][vc_column width=\u201d1\/2\u201d icons_position=\u201dleft\u201d css=\u201d.vc_custom_1770241817018{padding-left: 3em !important;}\u201d]<div id=\"sc_title_1834527150\"\n\t\tclass=\"sc_title color_style_default sc_title_default\"><h3 class=\"sc_item_title sc_title_title sc_align_left sc_item_title_style_default\">\u0160ehadet i vjersko savjetovanje<\/h3><\/div><!-- \/.sc_title -->[vc_column_text css=\u201d.vc_custom_1772750093702{padding-top: 2em !important;}\u201d]D\u017eemat Zug pru\u017ea podr\u0161ku osobama koje \u017eele primiti islam ili se informisati o islamskoj vjeri. Svakom pojedincu pristupamo s po\u0161tovanjem, razumijevanjem i bez pritiska, jer islam jasno nagla\u0161ava slobodu vjere.<\/p>\n<p><span style=\"color: #441a05;\">\u0644\u064e\u0627 \u0625\u0650\u0643\u0652\u0631\u064e\u0627\u0647\u064e \u0641\u0650\u064a \u0627\u0644\u062f\u0650\u0651\u064a\u0646\u0650<\/span><br \/>\n<span style=\"color: #441a05;\">\u201eU vjeru nema prisile.\u201c<\/span><br \/>\n<span style=\"color: #441a05;\">Kur'an, 2:256<\/span><\/p>\n<p>U okviru ove usluge nudimo:<\/p>\n<ul>\n<li>razgovor i vjersko savjetovanje<\/li>\n<li>upoznavanje s osnovama islama<\/li>\n<li>formalno primanje islama (\u0161ehadet), kada je osoba spremna<\/li>\n<\/ul>\n<p>Za dogovor razgovora mo\u017eete se obratiti imamu D\u017eemata Zug.[\/vc_column_text]<div class=\"sc_item_button sc_button_wrap sc_align_left\"><a href=\"\/kontakt\" id=\"sc_button_1022775175\" class=\"sc_button color_style_default sc_button_default  vc_custom_1771504538190 sc_button_size_normal sc_button_icon_left\"><span class=\"sc_button_text\"><span class=\"sc_button_title\">Kontakt<\/span><\/span><!-- \/.sc_button_text --><\/a><!-- \/.sc_button --><\/div><!-- \/.sc_item_button -->[\/vc_column][\/vc_row][vc_row full_width=\u201dstretch_row\u201d hide_bg_image_on_tablet=\u201d\u201d hide_bg_image_on_mobile=\u201d\u201d css=\u201d.vc_custom_1771587644633{padding-top: 10em !important;padding-bottom: 10em !important;background-color: #AF967530 !important;}\u201d el_class=\u201dfullwidth mobilespace\u201d][vc_column]<div id=\"sc_title_1900640256\"\n\t\tclass=\"sc_title color_style_default sc_title_default\"><h3 class=\"sc_item_title sc_title_title sc_align_center sc_item_title_style_default\">Na\u0161a uloga i pristup<\/h3><div class=\"sc_item_descr sc_title_descr sc_align_center\"><p>Sve usluge D\u017eemata Zug pru\u017eaju se s ciljem da budu dostupne, jasne i dostojanstvene, utemeljene na islamskim vrijednostima i uskla\u0111ene s dru\u0161tvom u kojem \u017eivimo.<\/p>\n<p>Ako imate pitanja ili trebate dodatne informacije, slobodno nas kontaktirajte. Na\u0161 cilj je biti pouzdan oslonac \u010dlanovima d\u017eemata i svima koji nam se obrate.<\/p>\n<\/div><\/div><!-- \/.sc_title --><div class=\"sc_item_button sc_button_wrap sc_align_center\"><a href=\"\/kontakt\" id=\"sc_button_341334052\" class=\"sc_button color_style_default sc_button_default  vc_custom_1770847072282 sc_button_size_normal sc_button_icon_left\"><span class=\"sc_button_text\"><span class=\"sc_button_title\">Kontakt<\/span><\/span><!-- \/.sc_button_text --><\/a><!-- \/.sc_button --><\/div><!-- \/.sc_item_button -->[\/vc_column][\/vc_row]<\/p>\n<\/div>","protected":false},"excerpt":{"rendered":"<p>[vc_row hide_bg_image_on_tablet=\u201d\u201d hide_bg_image_on_mobile=\u201d\u201d css=\u201d.vc_custom_1771504161556{margin-top: 10em !important;margin-bottom: 10em !important;}\u201d el_class=\u201dmobilesmargin\u201d][vc_column][\/vc_column][\/vc_row][vc_row full_width=\u201dstretch_row\u201d scheme=\u201ddefault\u201d hide_bg_image_on_tablet=\u201d\u201d hide_bg_image_on_mobile=\u201d\u201d css=\u201d.vc_custom_1771504146640{padding-top: 8em !important;padding-bottom: 8em !important;background-color: #AF967530 !important;}\u201d el_id=\u201dclanstvo\u201d el_class=\u201dmobilespace\u201d][vc_column width=\u201d1\/2\u201d icons_position=\u201dleft\u201d css=\u201d.vc_custom_1769988806696{padding-right:&hellip;<\/p>\n","protected":false},"author":1,"featured_media":0,"parent":0,"menu_order":0,"comment_status":"closed","ping_status":"closed","template":"","meta":{"footnotes":""},"class_list":["post-4798","page","type-page","status-publish","hentry"],"yoast_head":"<!-- This site is optimized with the Yoast SEO plugin v27.4 - https:\/\/yoast.com\/product\/yoast-seo-wordpress\/ -->\n<title>Usluge | Vjerske i administrativne usluge D\u017eemata Zug<\/title>\n<meta name=\"description\" content=\"D\u017eemat Zug pru\u017ea razli\u010dite vjerske usluge i podr\u0161ku svim \u010dlanovima zajednice u va\u017enim i te\u0161kim \u017eivotnim trenucima.\" \/>\n<meta name=\"robots\" content=\"index, follow, max-snippet:-1, max-image-preview:large, max-video-preview:-1\" \/>\n<link rel=\"canonical\" href=\"https:\/\/www.ig-zug.ch\/bs\/usluge\/\" \/>\n<meta property=\"og:locale\" content=\"bs_BA\" \/>\n<meta property=\"og:type\" content=\"article\" \/>\n<meta property=\"og:title\" content=\"Usluge | Vjerske i administrativne usluge D\u017eemata Zug\" \/>\n<meta property=\"og:description\" content=\"D\u017eemat Zug pru\u017ea razli\u010dite vjerske usluge i podr\u0161ku svim \u010dlanovima zajednice u va\u017enim i te\u0161kim \u017eivotnim trenucima.\" \/>\n<meta property=\"og:url\" content=\"https:\/\/www.ig-zug.ch\/bs\/usluge\/\" \/>\n<meta property=\"og:site_name\" content=\"D\u017eemat Zug\" \/>\n<meta property=\"article:modified_time\" content=\"2026-03-05T22:35:08+00:00\" \/>\n<meta name=\"twitter:card\" content=\"summary_large_image\" \/>\n<meta name=\"twitter:label1\" content=\"Est. reading time\" \/>\n\t<meta name=\"twitter:data1\" content=\"4 minute\" \/>\n<script type=\"application\/ld+json\" class=\"yoast-schema-graph\">{\"@context\":\"https:\\\/\\\/schema.org\",\"@graph\":[{\"@type\":\"WebPage\",\"@id\":\"https:\\\/\\\/www.ig-zug.ch\\\/bs\\\/usluge\\\/\",\"url\":\"https:\\\/\\\/www.ig-zug.ch\\\/bs\\\/usluge\\\/\",\"name\":\"Usluge | Vjerske i administrativne usluge D\u017eemata Zug\",\"isPartOf\":{\"@id\":\"https:\\\/\\\/www.ig-zug.ch\\\/bs\\\/#website\"},\"datePublished\":\"2026-02-11T21:29:00+00:00\",\"dateModified\":\"2026-03-05T22:35:08+00:00\",\"description\":\"D\u017eemat Zug pru\u017ea razli\u010dite vjerske usluge i podr\u0161ku svim \u010dlanovima zajednice u va\u017enim i te\u0161kim \u017eivotnim trenucima.\",\"breadcrumb\":{\"@id\":\"https:\\\/\\\/www.ig-zug.ch\\\/bs\\\/usluge\\\/#breadcrumb\"},\"inLanguage\":\"bs-BA\",\"potentialAction\":[{\"@type\":\"ReadAction\",\"target\":[\"https:\\\/\\\/www.ig-zug.ch\\\/bs\\\/usluge\\\/\"]}]},{\"@type\":\"BreadcrumbList\",\"@id\":\"https:\\\/\\\/www.ig-zug.ch\\\/bs\\\/usluge\\\/#breadcrumb\",\"itemListElement\":[{\"@type\":\"ListItem\",\"position\":1,\"name\":\"Start\",\"item\":\"https:\\\/\\\/www.ig-zug.ch\\\/bs\\\/\"},{\"@type\":\"ListItem\",\"position\":2,\"name\":\"Usluge\"}]},{\"@type\":\"WebSite\",\"@id\":\"https:\\\/\\\/www.ig-zug.ch\\\/bs\\\/#website\",\"url\":\"https:\\\/\\\/www.ig-zug.ch\\\/bs\\\/\",\"name\":\"Verein IG des Kantons Zug\",\"description\":\"Bosnischer Kulturverein\",\"publisher\":{\"@id\":\"https:\\\/\\\/www.ig-zug.ch\\\/bs\\\/#organization\"},\"potentialAction\":[{\"@type\":\"SearchAction\",\"target\":{\"@type\":\"EntryPoint\",\"urlTemplate\":\"https:\\\/\\\/www.ig-zug.ch\\\/bs\\\/?s={search_term_string}\"},\"query-input\":{\"@type\":\"PropertyValueSpecification\",\"valueRequired\":true,\"valueName\":\"search_term_string\"}}],\"inLanguage\":\"bs-BA\"},{\"@type\":\"Organization\",\"@id\":\"https:\\\/\\\/www.ig-zug.ch\\\/bs\\\/#organization\",\"name\":\"D\u017eemat Zug\",\"url\":\"https:\\\/\\\/www.ig-zug.ch\\\/bs\\\/\",\"logo\":{\"@type\":\"ImageObject\",\"inLanguage\":\"bs-BA\",\"@id\":\"https:\\\/\\\/www.ig-zug.ch\\\/bs\\\/#\\\/schema\\\/logo\\\/image\\\/\",\"url\":\"https:\\\/\\\/www.ig-zug.ch\\\/wp-content\\\/uploads\\\/2026\\\/01\\\/DzZ_Logo_fullwhite.png\",\"contentUrl\":\"https:\\\/\\\/www.ig-zug.ch\\\/wp-content\\\/uploads\\\/2026\\\/01\\\/DzZ_Logo_fullwhite.png\",\"width\":250,\"height\":60,\"caption\":\"D\u017eemat Zug\"},\"image\":{\"@id\":\"https:\\\/\\\/www.ig-zug.ch\\\/bs\\\/#\\\/schema\\\/logo\\\/image\\\/\"}}]}<\/script>\n<!-- \/ Yoast SEO plugin. -->","yoast_head_json":{"title":"Usluge | Vjerske i administrativne usluge D\u017eemata Zug","description":"D\u017eemat Zug pru\u017ea razli\u010dite vjerske usluge i podr\u0161ku svim \u010dlanovima zajednice u va\u017enim i te\u0161kim \u017eivotnim trenucima.","robots":{"index":"index","follow":"follow","max-snippet":"max-snippet:-1","max-image-preview":"max-image-preview:large","max-video-preview":"max-video-preview:-1"},"canonical":"https:\/\/www.ig-zug.ch\/bs\/usluge\/","og_locale":"bs_BA","og_type":"article","og_title":"Usluge | Vjerske i administrativne usluge D\u017eemata Zug","og_description":"D\u017eemat Zug pru\u017ea razli\u010dite vjerske usluge i podr\u0161ku svim \u010dlanovima zajednice u va\u017enim i te\u0161kim \u017eivotnim trenucima.","og_url":"https:\/\/www.ig-zug.ch\/bs\/usluge\/","og_site_name":"D\u017eemat Zug","article_modified_time":"2026-03-05T22:35:08+00:00","twitter_card":"summary_large_image","twitter_misc":{"Est. reading time":"4 minute"},"schema":{"@context":"https:\/\/schema.org","@graph":[{"@type":"WebPage","@id":"https:\/\/www.ig-zug.ch\/bs\/usluge\/","url":"https:\/\/www.ig-zug.ch\/bs\/usluge\/","name":"Usluge | Vjerske i administrativne usluge D\u017eemata Zug","isPartOf":{"@id":"https:\/\/www.ig-zug.ch\/bs\/#website"},"datePublished":"2026-02-11T21:29:00+00:00","dateModified":"2026-03-05T22:35:08+00:00","description":"D\u017eemat Zug pru\u017ea razli\u010dite vjerske usluge i podr\u0161ku svim \u010dlanovima zajednice u va\u017enim i te\u0161kim \u017eivotnim trenucima.","breadcrumb":{"@id":"https:\/\/www.ig-zug.ch\/bs\/usluge\/#breadcrumb"},"inLanguage":"bs-BA","potentialAction":[{"@type":"ReadAction","target":["https:\/\/www.ig-zug.ch\/bs\/usluge\/"]}]},{"@type":"BreadcrumbList","@id":"https:\/\/www.ig-zug.ch\/bs\/usluge\/#breadcrumb","itemListElement":[{"@type":"ListItem","position":1,"name":"Start","item":"https:\/\/www.ig-zug.ch\/bs\/"},{"@type":"ListItem","position":2,"name":"Usluge"}]},{"@type":"WebSite","@id":"https:\/\/www.ig-zug.ch\/bs\/#website","url":"https:\/\/www.ig-zug.ch\/bs\/","name":"Verein IG des Kantons Zug","description":"Bosnischer Kulturverein","publisher":{"@id":"https:\/\/www.ig-zug.ch\/bs\/#organization"},"potentialAction":[{"@type":"SearchAction","target":{"@type":"EntryPoint","urlTemplate":"https:\/\/www.ig-zug.ch\/bs\/?s={search_term_string}"},"query-input":{"@type":"PropertyValueSpecification","valueRequired":true,"valueName":"search_term_string"}}],"inLanguage":"bs-BA"},{"@type":"Organization","@id":"https:\/\/www.ig-zug.ch\/bs\/#organization","name":"D\u017eemat Zug","url":"https:\/\/www.ig-zug.ch\/bs\/","logo":{"@type":"ImageObject","inLanguage":"bs-BA","@id":"https:\/\/www.ig-zug.ch\/bs\/#\/schema\/logo\/image\/","url":"https:\/\/www.ig-zug.ch\/wp-content\/uploads\/2026\/01\/DzZ_Logo_fullwhite.png","contentUrl":"https:\/\/www.ig-zug.ch\/wp-content\/uploads\/2026\/01\/DzZ_Logo_fullwhite.png","width":250,"height":60,"caption":"D\u017eemat Zug"},"image":{"@id":"https:\/\/www.ig-zug.ch\/bs\/#\/schema\/logo\/image\/"}}]}},"_links":{"self":[{"href":"https:\/\/www.ig-zug.ch\/bs\/wp-json\/wp\/v2\/pages\/4798","targetHints":{"allow":["GET"]}}],"collection":[{"href":"https:\/\/www.ig-zug.ch\/bs\/wp-json\/wp\/v2\/pages"}],"about":[{"href":"https:\/\/www.ig-zug.ch\/bs\/wp-json\/wp\/v2\/types\/page"}],"author":[{"embeddable":true,"href":"https:\/\/www.ig-zug.ch\/bs\/wp-json\/wp\/v2\/users\/1"}],"replies":[{"embeddable":true,"href":"https:\/\/www.ig-zug.ch\/bs\/wp-json\/wp\/v2\/comments?post=4798"}],"version-history":[{"count":15,"href":"https:\/\/www.ig-zug.ch\/bs\/wp-json\/wp\/v2\/pages\/4798\/revisions"}],"predecessor-version":[{"id":5618,"href":"https:\/\/www.ig-zug.ch\/bs\/wp-json\/wp\/v2\/pages\/4798\/revisions\/5618"}],"wp:attachment":[{"href":"https:\/\/www.ig-zug.ch\/bs\/wp-json\/wp\/v2\/media?parent=4798"}],"curies":[{"name":"wp","href":"https:\/\/api.w.org\/{rel}","templated":true}]}}