{"id":4747,"date":"2026-02-04T22:16:23","date_gmt":"2026-02-04T21:16:23","guid":{"rendered":"https:\/\/www.ig-zug.ch\/?page_id=4747"},"modified":"2026-03-13T16:11:47","modified_gmt":"2026-03-13T15:11:47","slug":"ramazan-i-post","status":"publish","type":"page","link":"https:\/\/www.ig-zug.ch\/bs\/znanje-o-islamu\/ramazan-i-post\/","title":{"rendered":"Ramazan i post"},"content":{"rendered":"<div class=\"wpb-content-wrapper\"><p>[vc_row hide_bg_image_on_tablet=\u201d\u201d hide_bg_image_on_mobile=\u201d\u201d css=\u201d.vc_custom_1771505003343{margin-top: 10em !important;margin-bottom: 10em !important;}\u201d el_class=\u201dmobilesmargin\u201d][vc_column]<div id=\"sc_icons_77239588\" \n\tclass=\"sc_icons sc_icons_default sc_icons_size_small sc_align_center  vc_custom_1507306720447\"><div class=\"sc_icons_item\"><div id=\"sc_icons_77239588_icon-icon-shaha-00\" class=\"sc_icons_icon sc_icon_type_ icon-icon-shaha-00\"\n\t\t\t\t\t\t\t\t\t\t\t\t><span class=\"sc_icon_type_ icon-icon-shaha-00\"><\/span><\/div><\/div><\/div><!-- \/.sc_icons --><div id=\"sc_title_1975892758\"\n\t\tclass=\"sc_title color_style_default sc_title_default\"><h1 class=\"sc_item_title sc_title_title sc_align_center sc_item_title_style_default sc_item_title_tag\">Ramazan i post<\/h1><div class=\"sc_item_descr sc_title_descr sc_align_center\"><p>Ramazan je najsvetiji mjesec u islamskom kalendar. On je mjesec posta, Kur'ana, ibadeta, samodiscipline i me\u0111usobne solidarnosti. U tom blagoslovljenom (mubarek) mjesecu muslimani poste od zore do zalaska sunca, suzdr\u017eavaju\u0107i se od jela, pi\u0107a i svega \u0161to kvari post, s ciljem ja\u010danja bogobojaznosti i duhovne svijesti.<\/p>\n<p>Post u mjesecu Ramazanu je obaveza svakog punoljetnog i zdravstveno sposobnog muslimana i muslimanke. Istovremeno, Ramazan je i prilika za duhovni preporod, li\u010dno preispitivanje i ja\u010danje veze s Bogom.<\/p>\n<p>Post nije samo fizi\u010dko odricanje, ve\u0107 sveobuhvatan ibadet koji obuhvata tijelo, razum i srce. On u\u010di vjernika strpljenju, samokontroli, suosje\u0107anju sa siroma\u0161nima i zahvalnosti na blagodatima koje \u010desto uzimamo zdravo za gotovo. Uzvi\u0161eni Bog u Kur'anu ka\u017ee da je post propisan kako bismo stekli bogobojaznost, odnosno dublju svijest o Bogu \u2013 \u0161to predstavlja njegovu su\u0161tinu i krajnji cilj.<\/p>\n<\/div><\/div><!-- \/.sc_title --><div class=\"sc_item_button sc_button_wrap sc_align_center\"><a href=\"#ramazanudzematuzug\" id=\"sc_button_1904169504\" class=\"sc_button color_style_default sc_button_default  vc_custom_1770329081539 sc_button_size_normal sc_button_icon_left\"><span class=\"sc_button_text\"><span class=\"sc_button_title\">Ramazan u D\u017eematu Zug<\/span><\/span><!-- \/.sc_button_text --><\/a><!-- \/.sc_button --><\/div><!-- \/.sc_item_button -->[\/vc_column][\/vc_row][vc_row full_width=\u201dstretch_row\u201d hide_bg_image_on_tablet=\u201d\u201d hide_bg_image_on_mobile=\u201d\u201d css=\u201d.vc_custom_1772311455038{padding-top: 15em !important;padding-bottom: 15em !important;background-image: url(https:\/\/www.ig-zug.ch\/wp-content\/uploads\/moebel-details.webp?id=5118) !important;background-position: center !important;background-repeat: no-repeat !important;background-size: cover !important;}\u201d el_class=\u201dshaha_childrens_programs mobilespace\u201d el_id=\u201dramazanudzematuzug\u201d][vc_column width=\u201d1\/2\u201d icons_position=\u201dleft\u201d][\/vc_column][vc_column width=\u201d1\/2\u201d icons_position=\u201dleft\u201d]<div id=\"sc_title_1944201528\"\n\t\tclass=\"sc_title color_style_default scheme_dark sc_title_default\"><h3 class=\"sc_item_title sc_title_title sc_align_left sc_item_title_style_default\">Ramazan u D\u017eematu Zug<\/h3><div class=\"sc_item_descr sc_title_descr sc_align_left\"><p>D\u017eemat Zug ve\u0107 dugi niz godina organizuje bogat i sadr\u017eajan ramazanski program, s ciljem da vjernicima omogu\u0107i kvalitetno provo\u0111enje Ramazana kroz ibadet, znanje i zajedni\u0161tvo.<\/p>\n<\/div><\/div><!-- \/.sc_title --><div class=\"sc_item_button sc_button_wrap sc_align_left\"><a href=\"#program\" id=\"sc_button_740332248\" class=\"sc_button color_style_default sc_button_default  vc_custom_1770329093575 sc_button_size_normal sc_button_icon_left\"><span class=\"sc_button_text\"><span class=\"sc_button_title\">Ramazanski program<\/span><\/span><!-- \/.sc_button_text --><\/a><!-- \/.sc_button --><\/div><!-- \/.sc_item_button -->[\/vc_column][\/vc_row][vc_row full_width=\u201dstretch_row\u201d scheme=\u201ddefault\u201d hide_bg_image_on_tablet=\u201d\u201d hide_bg_image_on_mobile=\u201d\u201d css=\u201d.vc_custom_1771505067777{padding-top: 8em !important;padding-bottom: 8em !important;background-color: #AF967530 !important;}\u201d el_id=\u201dmukabele\u201d el_class=\u201dmobilespace\u201d][vc_column width=\u201d1\/2\u201d icons_position=\u201dleft\u201d css=\u201d.vc_custom_1769988806696{padding-right: 3em !important;}\u201d]<div id=\"sc_title_880566310\"\n\t\tclass=\"sc_title color_style_default sc_title_default\"><h3 class=\"sc_item_title sc_title_title sc_align_left sc_item_title_style_default\">Mukabele<\/h3><\/div><!-- \/.sc_title -->[vc_column_text css=\u201d.vc_custom_1772745778544{padding-top: 2em !important;}\u201d]U toku Ramazana u d\u017eematu se redovno organizuju mukabele:<\/p>\n<ul>\n<li>Sabahska mukabela (nakon sehura)<\/li>\n<li>Prijepodnevna mukabela s prijevodom d\u017euza na Bosanski jezik<\/li>\n<li>Poslijepodnevna mukabela na Arapskom jeziku<\/li>\n<li>Dje\u010dija mukabela (mekteb)<\/li>\n<\/ul>\n<p>Mukabelu u\u010de imam, gostuju\u0107i imami, d\u017eematlije i polaznici \u0160kole Kur\u2019ana.[\/vc_column_text][\/vc_column][vc_column width=\u201d1\/2\u201d][vc_single_image image=\u201d4751\u201d img_size=\u201dfull\u201d alignment=\u201dright\u201d css_animation=\u201dfadeInRight\u201d css=\u201d.vc_custom_1770244266488{padding-left: 0.5em !important;}\u201d el_class=\u201dround-edge\u201d][\/vc_column][\/vc_row][vc_row full_width=\u201dstretch_row\u201d scheme=\u201ddefault\u201d hide_bg_image_on_tablet=\u201d\u201d hide_bg_image_on_mobile=\u201d\u201d css=\u201d.vc_custom_1771505089856{padding-top: 8em !important;padding-bottom: 8em !important;background-color: #FFFFFF00 !important;}\u201d el_id=\u201dvjerskiprogram\u201d el_class=\u201dmobilespace reverse-col-on-mobile\u201d][vc_column width=\u201d1\/2\u201d][vc_single_image image=\u201d4752\u201d img_size=\u201dfull\u201d alignment=\u201dright\u201d css_animation=\u201dfadeInLeft\u201d css=\u201d.vc_custom_1770244288357{padding-right: 0.5em !important;}\u201d el_class=\u201dround-edge\u201d][\/vc_column][vc_column width=\u201d1\/2\u201d icons_position=\u201dleft\u201d css=\u201d.vc_custom_1770241817018{padding-left: 3em !important;}\u201d]<div id=\"sc_title_508088972\"\n\t\tclass=\"sc_title color_style_default sc_title_default\"><h3 class=\"sc_item_title sc_title_title sc_align_left sc_item_title_style_default\">Vjerski programi<\/h3><\/div><!-- \/.sc_title -->[vc_column_text css=\u201d.vc_custom_1770241465967{padding-top: 2em !important;}\u201d]<\/p>\n<ul>\n<li>Redovna predteravijska predavanja (svaka druga no\u0107)<\/li>\n<li>U\u010denje Kur\u2019ana prije teravih-namaza<\/li>\n<li>Teravih-namaz (klanja se fiksno)<\/li>\n<li>No\u0107ni nafila-namaz klanja se posljednjih deset dana Ramazana<\/li>\n<li>Program \u201eSabah u d\u017eematu s porodicom<\/li>\n<\/ul>\n<p><b>Posebni mevludski programi organizuju se povodom:<\/b><\/p>\n<ul>\n<li>Lejletu-l-Bedra<\/li>\n<li>Lejletu-l-Kadra<\/li>\n<li>Jevmu-l-Fetha<\/li>\n<\/ul>\n<p>[\/vc_column_text][\/vc_column][\/vc_row][vc_row full_width=\u201dstretch_row\u201d scheme=\u201ddefault\u201d hide_bg_image_on_tablet=\u201d\u201d hide_bg_image_on_mobile=\u201d\u201d css=\u201d.vc_custom_1771505436524{padding-top: 8em !important;padding-bottom: 8em !important;background-color: #AF967530 !important;}\u201d el_id=\u201diftari\u201d el_class=\u201dmobilespace\u201d][vc_column width=\u201d1\/2\u201d icons_position=\u201dleft\u201d css=\u201d.vc_custom_1769988806696{padding-right: 3em !important;}\u201d]<div id=\"sc_title_1725207129\"\n\t\tclass=\"sc_title color_style_default sc_title_default\"><h3 class=\"sc_item_title sc_title_title sc_align_left sc_item_title_style_default\">Iftari i zajedni\u0161tvo<\/h3><\/div><!-- \/.sc_title -->[vc_column_text css=\u201d.vc_custom_1772745842207{padding-top: 2em !important;}\u201d]Ramazan je mjesec zajedni\u0161tva i me\u0111usobne brige. Tokom ovog mjeseca u D\u017eematu Zug organizuju se:<\/p>\n<ul>\n<li>zajedni\u010dki d\u017eematski iftari (petkom, subotom i nedjeljom)<\/li>\n<li>iftari za polaznike mekteba<\/li>\n<li>omladinski iftari u saradnji s Mre\u017eom mladih<\/li>\n<li>iftari Udru\u017eenja \u017eena D\u017eemata Zug (dva puta tokom Ramazana)<\/li>\n<\/ul>\n<p>Zajedni\u010dki iftarski susreti ja\u010daju me\u0111usobne veze i osje\u0107aj pripadnosti d\u017eematu.[\/vc_column_text][\/vc_column][vc_column width=\u201d1\/2\u201d][vc_single_image image=\u201d4750\u201d img_size=\u201dfull\u201d alignment=\u201dright\u201d css_animation=\u201dfadeInRight\u201d css=\u201d.vc_custom_1770242929755{padding-left: 0.5em !important;}\u201d el_class=\u201dround-edge\u201d][\/vc_column][\/vc_row][vc_row full_width=\u201dstretch_row\u201d scheme=\u201ddefault\u201d hide_bg_image_on_tablet=\u201d\u201d hide_bg_image_on_mobile=\u201d\u201d css=\u201d.vc_custom_1771505113263{padding-top: 8em !important;padding-bottom: 8em !important;background-color: #FFFFFF00 !important;}\u201d el_id=\u201dbajramnamaz\u201d el_class=\u201dmobilespace reverse-col-on-mobile\u201d][vc_column width=\u201d1\/2\u201d][vc_single_image image=\u201d4753\u201d img_size=\u201dfull\u201d alignment=\u201dright\u201d css_animation=\u201dfadeInLeft\u201d css=\u201d.vc_custom_1773414702925{padding-right: 0.5em !important;}\u201d el_class=\u201dround-edge\u201d][\/vc_column][vc_column width=\u201d1\/2\u201d icons_position=\u201dleft\u201d css=\u201d.vc_custom_1770241817018{padding-left: 3em !important;}\u201d]<div id=\"sc_title_1807103421\"\n\t\tclass=\"sc_title color_style_default sc_title_default\"><h3 class=\"sc_item_title sc_title_title sc_align_left sc_item_title_style_default\">Bajram namaz<\/h3><\/div><!-- \/.sc_title -->[vc_column_text css=\u201d.vc_custom_1772745864630{padding-top: 2em !important;padding-bottom: 2em !important;}\u201d]Krunu Ramazana predstavlja Ramazanski bajram, koji zapo\u010dinje klanjanjem bajram-namaza.<\/p>\n<p>U D\u017eematu Zug klanjaju se:<\/p>\n<ul>\n<li>Ramazanski bajram-namaz<\/li>\n<li>Kurban-bajram-namaz<\/li>\n<\/ul>\n<p>Bajram-namazi se klanjaju prema va\u017ee\u0107oj vaktiji Islamske zajednice Bo\u0161njaka u \u0160vicarskoj (IZBCH) u prostorijama D\u017eemata Zug.[\/vc_column_text][\/vc_column][\/vc_row][vc_row full_width=\u201dstretch_row\u201d hide_bg_image_on_tablet=\u201d\u201d hide_bg_image_on_mobile=\u201d\u201d css=\u201d.vc_custom_1771587806445{padding-top: 10em !important;padding-bottom: 10em !important;background-color: #AF967530 !important;}\u201d el_class=\u201dmobilespace fullwidth\u201d][vc_column]<div id=\"sc_title_1764745277\"\n\t\tclass=\"sc_title color_style_default sc_title_default\"><h3 class=\"sc_item_title sc_title_title sc_align_center sc_item_title_style_default\">Ramazan kao prilika<\/h3><div class=\"sc_item_descr sc_title_descr sc_align_center\"><p>Ramazan je prilika da usporimo, preispitamo sebe i obnovimo svoj odnos prema vjeri, porodici i zajednici. To je mjesec u kojem se srca otvaraju, a dobra djela umno\u017eavaju.<\/p>\n<p>D\u017eemat Zug poziva sve svoje \u010dlanove i posjetioce da Ramazan provedu aktivno, dostojanstveno i u duhu zajedni\u0161tva.<\/p>\n<\/div><\/div><!-- \/.sc_title -->[\/vc_column][\/vc_row]<\/p>\n<\/div>","protected":false},"excerpt":{"rendered":"<p>[vc_row hide_bg_image_on_tablet=\u201d\u201d hide_bg_image_on_mobile=\u201d\u201d css=\u201d.vc_custom_1771505003343{margin-top: 10em !important;margin-bottom: 10em !important;}\u201d el_class=\u201dmobilesmargin\u201d][vc_column][\/vc_column][\/vc_row][vc_row full_width=\u201dstretch_row\u201d hide_bg_image_on_tablet=\u201d\u201d hide_bg_image_on_mobile=\u201d\u201d css=\u201d.vc_custom_1772311455038{padding-top: 15em !important;padding-bottom: 15em !important;background-image: url(https:\/\/www.ig-zug.ch\/wp-content\/uploads\/moebel-details.webp?id=5118) !important;background-position: center !important;background-repeat: no-repeat !important;background-size: cover !important;}\u201d&hellip;<\/p>\n","protected":false},"author":1,"featured_media":0,"parent":4663,"menu_order":0,"comment_status":"closed","ping_status":"closed","template":"","meta":{"footnotes":""},"class_list":["post-4747","page","type-page","status-publish","hentry"],"yoast_head":"<!-- This site is optimized with the Yoast SEO plugin v27.4 - https:\/\/yoast.com\/product\/yoast-seo-wordpress\/ -->\n<title>Ramazan i post | Tre\u0107i stub islama<\/title>\n<meta name=\"description\" content=\"Saznajte vi\u0161e o ramazanu i postu te o ramazanskim aktivnostima D\u017eemata Zug, uklju\u010duju\u0107i teraviju, mukabele i zajedni\u010dke iftare u \u0160vicarskoj.\" \/>\n<meta name=\"robots\" content=\"index, follow, max-snippet:-1, max-image-preview:large, max-video-preview:-1\" \/>\n<link rel=\"canonical\" href=\"https:\/\/www.ig-zug.ch\/bs\/znanje-o-islamu\/ramazan-i-post\/\" \/>\n<meta property=\"og:locale\" content=\"bs_BA\" \/>\n<meta property=\"og:type\" content=\"article\" \/>\n<meta property=\"og:title\" content=\"Ramazan i post | Tre\u0107i stub islama\" \/>\n<meta property=\"og:description\" content=\"Saznajte vi\u0161e o ramazanu i postu te o ramazanskim aktivnostima D\u017eemata Zug, uklju\u010duju\u0107i teraviju, mukabele i zajedni\u010dke iftare u \u0160vicarskoj.\" \/>\n<meta property=\"og:url\" content=\"https:\/\/www.ig-zug.ch\/bs\/znanje-o-islamu\/ramazan-i-post\/\" \/>\n<meta property=\"og:site_name\" content=\"D\u017eemat Zug\" \/>\n<meta property=\"article:modified_time\" content=\"2026-03-13T15:11:47+00:00\" \/>\n<meta name=\"twitter:card\" content=\"summary_large_image\" \/>\n<meta name=\"twitter:label1\" content=\"Est. reading time\" \/>\n\t<meta name=\"twitter:data1\" content=\"4 minute\" \/>\n<script type=\"application\/ld+json\" class=\"yoast-schema-graph\">{\"@context\":\"https:\\\/\\\/schema.org\",\"@graph\":[{\"@type\":\"WebPage\",\"@id\":\"https:\\\/\\\/www.ig-zug.ch\\\/bs\\\/znanje-o-islamu\\\/ramazan-i-post\\\/\",\"url\":\"https:\\\/\\\/www.ig-zug.ch\\\/bs\\\/znanje-o-islamu\\\/ramazan-i-post\\\/\",\"name\":\"Ramazan i post | Tre\u0107i stub islama\",\"isPartOf\":{\"@id\":\"https:\\\/\\\/www.ig-zug.ch\\\/bs\\\/#website\"},\"datePublished\":\"2026-02-04T21:16:23+00:00\",\"dateModified\":\"2026-03-13T15:11:47+00:00\",\"description\":\"Saznajte vi\u0161e o ramazanu i postu te o ramazanskim aktivnostima D\u017eemata Zug, uklju\u010duju\u0107i teraviju, mukabele i zajedni\u010dke iftare u \u0160vicarskoj.\",\"breadcrumb\":{\"@id\":\"https:\\\/\\\/www.ig-zug.ch\\\/bs\\\/znanje-o-islamu\\\/ramazan-i-post\\\/#breadcrumb\"},\"inLanguage\":\"bs-BA\",\"potentialAction\":[{\"@type\":\"ReadAction\",\"target\":[\"https:\\\/\\\/www.ig-zug.ch\\\/bs\\\/znanje-o-islamu\\\/ramazan-i-post\\\/\"]}]},{\"@type\":\"BreadcrumbList\",\"@id\":\"https:\\\/\\\/www.ig-zug.ch\\\/bs\\\/znanje-o-islamu\\\/ramazan-i-post\\\/#breadcrumb\",\"itemListElement\":[{\"@type\":\"ListItem\",\"position\":1,\"name\":\"Start\",\"item\":\"https:\\\/\\\/www.ig-zug.ch\\\/bs\\\/\"},{\"@type\":\"ListItem\",\"position\":2,\"name\":\"Znanje o Islamu\",\"item\":\"https:\\\/\\\/www.ig-zug.ch\\\/bs\\\/wissen-ueber-den-islam\\\/\"},{\"@type\":\"ListItem\",\"position\":3,\"name\":\"Ramazan i post\"}]},{\"@type\":\"WebSite\",\"@id\":\"https:\\\/\\\/www.ig-zug.ch\\\/bs\\\/#website\",\"url\":\"https:\\\/\\\/www.ig-zug.ch\\\/bs\\\/\",\"name\":\"Verein IG des Kantons Zug\",\"description\":\"Bosnischer Kulturverein\",\"publisher\":{\"@id\":\"https:\\\/\\\/www.ig-zug.ch\\\/bs\\\/#organization\"},\"potentialAction\":[{\"@type\":\"SearchAction\",\"target\":{\"@type\":\"EntryPoint\",\"urlTemplate\":\"https:\\\/\\\/www.ig-zug.ch\\\/bs\\\/?s={search_term_string}\"},\"query-input\":{\"@type\":\"PropertyValueSpecification\",\"valueRequired\":true,\"valueName\":\"search_term_string\"}}],\"inLanguage\":\"bs-BA\"},{\"@type\":\"Organization\",\"@id\":\"https:\\\/\\\/www.ig-zug.ch\\\/bs\\\/#organization\",\"name\":\"D\u017eemat Zug\",\"url\":\"https:\\\/\\\/www.ig-zug.ch\\\/bs\\\/\",\"logo\":{\"@type\":\"ImageObject\",\"inLanguage\":\"bs-BA\",\"@id\":\"https:\\\/\\\/www.ig-zug.ch\\\/bs\\\/#\\\/schema\\\/logo\\\/image\\\/\",\"url\":\"https:\\\/\\\/www.ig-zug.ch\\\/wp-content\\\/uploads\\\/2026\\\/01\\\/DzZ_Logo_fullwhite.png\",\"contentUrl\":\"https:\\\/\\\/www.ig-zug.ch\\\/wp-content\\\/uploads\\\/2026\\\/01\\\/DzZ_Logo_fullwhite.png\",\"width\":250,\"height\":60,\"caption\":\"D\u017eemat Zug\"},\"image\":{\"@id\":\"https:\\\/\\\/www.ig-zug.ch\\\/bs\\\/#\\\/schema\\\/logo\\\/image\\\/\"}}]}<\/script>\n<!-- \/ Yoast SEO plugin. -->","yoast_head_json":{"title":"Ramazan i post | Tre\u0107i stub islama","description":"Saznajte vi\u0161e o ramazanu i postu te o ramazanskim aktivnostima D\u017eemata Zug, uklju\u010duju\u0107i teraviju, mukabele i zajedni\u010dke iftare u \u0160vicarskoj.","robots":{"index":"index","follow":"follow","max-snippet":"max-snippet:-1","max-image-preview":"max-image-preview:large","max-video-preview":"max-video-preview:-1"},"canonical":"https:\/\/www.ig-zug.ch\/bs\/znanje-o-islamu\/ramazan-i-post\/","og_locale":"bs_BA","og_type":"article","og_title":"Ramazan i post | Tre\u0107i stub islama","og_description":"Saznajte vi\u0161e o ramazanu i postu te o ramazanskim aktivnostima D\u017eemata Zug, uklju\u010duju\u0107i teraviju, mukabele i zajedni\u010dke iftare u \u0160vicarskoj.","og_url":"https:\/\/www.ig-zug.ch\/bs\/znanje-o-islamu\/ramazan-i-post\/","og_site_name":"D\u017eemat Zug","article_modified_time":"2026-03-13T15:11:47+00:00","twitter_card":"summary_large_image","twitter_misc":{"Est. reading time":"4 minute"},"schema":{"@context":"https:\/\/schema.org","@graph":[{"@type":"WebPage","@id":"https:\/\/www.ig-zug.ch\/bs\/znanje-o-islamu\/ramazan-i-post\/","url":"https:\/\/www.ig-zug.ch\/bs\/znanje-o-islamu\/ramazan-i-post\/","name":"Ramazan i post | Tre\u0107i stub islama","isPartOf":{"@id":"https:\/\/www.ig-zug.ch\/bs\/#website"},"datePublished":"2026-02-04T21:16:23+00:00","dateModified":"2026-03-13T15:11:47+00:00","description":"Saznajte vi\u0161e o ramazanu i postu te o ramazanskim aktivnostima D\u017eemata Zug, uklju\u010duju\u0107i teraviju, mukabele i zajedni\u010dke iftare u \u0160vicarskoj.","breadcrumb":{"@id":"https:\/\/www.ig-zug.ch\/bs\/znanje-o-islamu\/ramazan-i-post\/#breadcrumb"},"inLanguage":"bs-BA","potentialAction":[{"@type":"ReadAction","target":["https:\/\/www.ig-zug.ch\/bs\/znanje-o-islamu\/ramazan-i-post\/"]}]},{"@type":"BreadcrumbList","@id":"https:\/\/www.ig-zug.ch\/bs\/znanje-o-islamu\/ramazan-i-post\/#breadcrumb","itemListElement":[{"@type":"ListItem","position":1,"name":"Start","item":"https:\/\/www.ig-zug.ch\/bs\/"},{"@type":"ListItem","position":2,"name":"Znanje o Islamu","item":"https:\/\/www.ig-zug.ch\/bs\/wissen-ueber-den-islam\/"},{"@type":"ListItem","position":3,"name":"Ramazan i post"}]},{"@type":"WebSite","@id":"https:\/\/www.ig-zug.ch\/bs\/#website","url":"https:\/\/www.ig-zug.ch\/bs\/","name":"Verein IG des Kantons Zug","description":"Bosnischer Kulturverein","publisher":{"@id":"https:\/\/www.ig-zug.ch\/bs\/#organization"},"potentialAction":[{"@type":"SearchAction","target":{"@type":"EntryPoint","urlTemplate":"https:\/\/www.ig-zug.ch\/bs\/?s={search_term_string}"},"query-input":{"@type":"PropertyValueSpecification","valueRequired":true,"valueName":"search_term_string"}}],"inLanguage":"bs-BA"},{"@type":"Organization","@id":"https:\/\/www.ig-zug.ch\/bs\/#organization","name":"D\u017eemat Zug","url":"https:\/\/www.ig-zug.ch\/bs\/","logo":{"@type":"ImageObject","inLanguage":"bs-BA","@id":"https:\/\/www.ig-zug.ch\/bs\/#\/schema\/logo\/image\/","url":"https:\/\/www.ig-zug.ch\/wp-content\/uploads\/2026\/01\/DzZ_Logo_fullwhite.png","contentUrl":"https:\/\/www.ig-zug.ch\/wp-content\/uploads\/2026\/01\/DzZ_Logo_fullwhite.png","width":250,"height":60,"caption":"D\u017eemat Zug"},"image":{"@id":"https:\/\/www.ig-zug.ch\/bs\/#\/schema\/logo\/image\/"}}]}},"_links":{"self":[{"href":"https:\/\/www.ig-zug.ch\/bs\/wp-json\/wp\/v2\/pages\/4747","targetHints":{"allow":["GET"]}}],"collection":[{"href":"https:\/\/www.ig-zug.ch\/bs\/wp-json\/wp\/v2\/pages"}],"about":[{"href":"https:\/\/www.ig-zug.ch\/bs\/wp-json\/wp\/v2\/types\/page"}],"author":[{"embeddable":true,"href":"https:\/\/www.ig-zug.ch\/bs\/wp-json\/wp\/v2\/users\/1"}],"replies":[{"embeddable":true,"href":"https:\/\/www.ig-zug.ch\/bs\/wp-json\/wp\/v2\/comments?post=4747"}],"version-history":[{"count":25,"href":"https:\/\/www.ig-zug.ch\/bs\/wp-json\/wp\/v2\/pages\/4747\/revisions"}],"predecessor-version":[{"id":5714,"href":"https:\/\/www.ig-zug.ch\/bs\/wp-json\/wp\/v2\/pages\/4747\/revisions\/5714"}],"up":[{"embeddable":true,"href":"https:\/\/www.ig-zug.ch\/bs\/wp-json\/wp\/v2\/pages\/4663"}],"wp:attachment":[{"href":"https:\/\/www.ig-zug.ch\/bs\/wp-json\/wp\/v2\/media?parent=4747"}],"curies":[{"name":"wp","href":"https:\/\/api.w.org\/{rel}","templated":true}]}}