{"id":4734,"date":"2026-02-04T21:24:49","date_gmt":"2026-02-04T20:24:49","guid":{"rendered":"https:\/\/www.ig-zug.ch\/?page_id=4734"},"modified":"2026-03-05T22:19:04","modified_gmt":"2026-03-05T21:19:04","slug":"zekat-i-pomoc-siromasnima","status":"publish","type":"page","link":"https:\/\/www.ig-zug.ch\/bs\/znanje-o-islamu\/zekat-i-pomoc-siromasnima\/","title":{"rendered":"Zekat i pomo\u0107 siroma\u0161nima"},"content":{"rendered":"<div class=\"wpb-content-wrapper\"><p>[vc_row hide_bg_image_on_tablet=\u201d\u201d hide_bg_image_on_mobile=\u201d\u201d css=\u201d.vc_custom_1771505507707{margin-top: 10em !important;margin-bottom: 10em !important;}\u201d el_class=\u201dmobilesmargin\u201d][vc_column]<div id=\"sc_icons_1301470072\" \n\tclass=\"sc_icons sc_icons_default sc_icons_size_small sc_align_center  vc_custom_1507306720447\"><div class=\"sc_icons_item\"><div id=\"sc_icons_1301470072_icon-icon-shaha-00\" class=\"sc_icons_icon sc_icon_type_ icon-icon-shaha-00\"\n\t\t\t\t\t\t\t\t\t\t\t\t><span class=\"sc_icon_type_ icon-icon-shaha-00\"><\/span><\/div><\/div><\/div><!-- \/.sc_icons --><div id=\"sc_title_922196849\"\n\t\tclass=\"sc_title color_style_default sc_title_default\"><h1 class=\"sc_item_title sc_title_title sc_align_center sc_item_title_style_default sc_item_title_tag\">Zekat i pomo\u0107 siroma\u0161nima<\/h1><div class=\"sc_item_descr sc_title_descr sc_align_center\"><p>Zekat je jedan od pet temeljnih stubova islama i obavezni ibadet svakog punoljetnog muslimana koji posjeduje imetak iznad propisanog minimuma (nisaba). On predstavlja \u010din ibadeta, ali i sna\u017ean izraz dru\u0161tvene solidarnosti, brige za siroma\u0161ne i o\u010duvanja socijalne pravde.<\/p>\n<p>Kroz davanje zekata musliman \u010disti svoj imetak, ja\u010da osje\u0107aj odgovornosti prema drugima i doprinosi izgradnji pravedne i humane zajednice.<\/p>\n<\/div><\/div><!-- \/.sc_title --><div class=\"sc_item_button sc_button_wrap sc_align_center\"><a href=\"#stajezekat\" id=\"sc_button_1450546822\" class=\"sc_button color_style_link2 sc_button_default  vc_custom_1770236793161 sc_button_size_normal sc_button_icon_left\"><span class=\"sc_button_text\"><span class=\"sc_button_title\">Saznaj vi\u0161e<\/span><\/span><!-- \/.sc_button_text --><\/a><!-- \/.sc_button --><\/div><!-- \/.sc_item_button -->[\/vc_column][\/vc_row][vc_row full_width=\u201dstretch_row\u201d hide_bg_image_on_tablet=\u201d\u201d hide_bg_image_on_mobile=\u201d\u201d css=\u201d.vc_custom_1771505530298{padding-top: 15em !important;padding-bottom: 15em !important;background-image: url(https:\/\/www.ig-zug.ch\/wp-content\/uploads\/2026\/02\/quran-bg.webp?id=4738) !important;background-position: center !important;background-repeat: no-repeat !important;background-size: cover !important;}\u201d el_class=\u201dshaha_childrens_programs mobilespace\u201d el_id=\u201dstajezekat\u201d][vc_column width=\u201d1\/2\u201d icons_position=\u201dleft\u201d][\/vc_column][vc_column width=\u201d1\/2\u201d icons_position=\u201dleft\u201d]<div id=\"sc_title_1353803969\"\n\t\tclass=\"sc_title color_style_default scheme_dark sc_title_default\"><h3 class=\"sc_item_title sc_title_title sc_align_left sc_item_title_style_default\">Propis zekata<\/h3><div class=\"sc_item_descr sc_title_descr sc_align_left\"><p>Zekat je obavezno davanje odre\u0111enog dijela imetka onima kojima je to Uzvi\u0161eni Bog propisao u Kur'anu. On se daje na imovinu koja dostigne vrijednost nisaba i koja je u vlasni\u0161tvu muslimana tokom jedne hid\u017eretske godine.<\/p>\n<p>Za razliku od dobrovoljne sadake, zekat je jasno odre\u0111ena vjerska obaveza sa duhovnim, moralnim i dru\u0161tvenim zna\u010dajem.<\/p>\n<\/div><\/div><!-- \/.sc_title -->[\/vc_column][\/vc_row][vc_row full_width=\u201dstretch_row\u201d hide_bg_image_on_tablet=\u201d\u201d hide_bg_image_on_mobile=\u201d\u201d css=\u201d.vc_custom_1771505536850{padding-top: 15em !important;padding-bottom: 15em !important;background-image: url(https:\/\/www.ig-zug.ch\/wp-content\/uploads\/2026\/02\/sadekatulfitr-bg.webp?id=4739) !important;background-position: center !important;background-repeat: no-repeat !important;background-size: cover !important;}\u201d el_class=\u201dshaha_youth_programs mobilespace\u201d][vc_column width=\u201d1\/2\u201d icons_position=\u201dleft\u201d]<div id=\"sc_title_346155834\"\n\t\tclass=\"sc_title color_style_default sc_title_default\"><h3 class=\"sc_item_title sc_title_title sc_align_left sc_item_title_style_default\">Sadekatu-l-fitr<\/h3><div class=\"sc_item_descr sc_title_descr sc_align_left\"><p>Sadekatu-l-fitr je obavezno davanje koje se izvr\u0161ava u mjesecu Ramazanu, prije klanjanja bajram-namaza. Njena svrha je da o\u010disti post od eventualnih nedostataka i da omogu\u0107i siroma\u0161nima da Bajram do\u010dekaju dostojanstveno.<\/p>\n<p>Visinu sadekatu-l-fitra, kao i vrijednost nisaba za zekat, odre\u0111uje Rijaset Islamske zajednice u Bosni i Hercegovini, odlukom Vije\u0107a muftija.<\/p>\n<\/div><\/div><!-- \/.sc_title -->[\/vc_column][vc_column width=\u201d1\/2\u201d icons_position=\u201dleft\u201d][\/vc_column][\/vc_row][vc_row full_width=\u201dstretch_row\u201d hide_bg_image_on_tablet=\u201d\u201d hide_bg_image_on_mobile=\u201d\u201d css=\u201d.vc_custom_1772316265307{padding-top: 15em !important;padding-bottom: 15em !important;background-image: url(https:\/\/www.ig-zug.ch\/wp-content\/uploads\/2026\/02\/zekatdzematzug.webp?id=4741) !important;background-position: center !important;background-repeat: no-repeat !important;background-size: cover !important;}\u201d el_class=\u201dshaha_childrens_programs mobilespace\u201d][vc_column width=\u201d1\/2\u201d icons_position=\u201dleft\u201d][\/vc_column][vc_column width=\u201d1\/2\u201d icons_position=\u201dleft\u201d]<div id=\"sc_title_1647785474\"\n\t\tclass=\"sc_title color_style_default scheme_dark sc_title_default\"><h3 class=\"sc_item_title sc_title_title sc_align_left sc_item_title_style_default\">Zekat u D\u017eematu Zug<\/h3><div class=\"sc_item_descr sc_title_descr sc_align_left\"><p>U D\u017eematu Zug prikupljanje i raspodjela zekata i sadekatu-l-fitra organizuju se transparentno i u skladu s propisima \u0160vicarske i pravilima Islamske zajednice Bo\u0161njaka u \u0160vicarskoj (IZBCH).<\/p>\n<p>Uplate se vr\u0161e putem slu\u017ebenih QR-uplatnica D\u017eemata Zug, koje se d\u017eematlijama redovno dostavljaju uz ramazansko pismo i plan aktivnosti tokom mjeseca Ramazana.<\/p>\n<p>Na ovaj na\u010din osigurava se transparentnost, pravilna raspodjela sredstava i pomo\u0107 onima kojima je najpotrebnija.<\/p>\n<\/div><\/div><!-- \/.sc_title -->[\/vc_column][\/vc_row][vc_row full_width=\u201dstretch_row\u201d hide_bg_image_on_tablet=\u201d\u201d hide_bg_image_on_mobile=\u201d\u201d css=\u201d.vc_custom_1771505551841{padding-top: 15em !important;padding-bottom: 15em !important;background-image: url(https:\/\/www.ig-zug.ch\/wp-content\/uploads\/2026\/02\/abdesthana.webp?id=4744) !important;background-position: center !important;background-repeat: no-repeat !important;background-size: cover !important;}\u201d el_class=\u201dshaha_youth_programs mobilespace\u201d][vc_column width=\u201d1\/2\u201d icons_position=\u201dleft\u201d]<div id=\"sc_title_219951305\"\n\t\tclass=\"sc_title color_style_default sc_title_default\"><h3 class=\"sc_item_title sc_title_title sc_align_left sc_item_title_style_default\">Kome je namijenjen zekat?<\/h3><div class=\"sc_item_descr sc_title_descr sc_align_left\"><p>Sredstva prikupljena putem zekata i sadekatu-l-fitra koriste se za:<\/p>\n<ul>\n<li>pomo\u0107 siroma\u0161nima i socijalno ugro\u017eenima<\/li>\n<li>podr\u0161ku vjersko-obrazovnim institucijama<\/li>\n<li>ja\u010danje institucionalnog rada Islamske zajednice<\/li>\n<li>projekte od op\u0107eg interesa za muslimansku zajednicu<\/li>\n<\/ul>\n<p>Na taj na\u010din zekat postaje va\u017ean instrument solidarnosti i dugoro\u010dne podr\u0161ke unutar zajednice.<\/p>\n<\/div><\/div><!-- \/.sc_title -->[\/vc_column][vc_column width=\u201d1\/2\u201d icons_position=\u201dleft\u201d][\/vc_column][\/vc_row][vc_row hide_bg_image_on_tablet=\u201d\u201d hide_bg_image_on_mobile=\u201d\u201d css=\u201d.vc_custom_1771505514186{margin-top: 10em !important;margin-bottom: 10em !important;}\u201d el_class=\u201dmobilesmargin\u201d][vc_column]<div id=\"sc_title_1094313802\"\n\t\tclass=\"sc_title color_style_default sc_title_default\"><h6 class=\"sc_item_subtitle sc_title_subtitle sc_align_center sc_item_title_style_default\">c<\/h6><h3 class=\"sc_item_title sc_title_title sc_align_center sc_item_title_style_default\">Zekat kao odgovornost i prilika<\/h3><div class=\"sc_item_descr sc_title_descr sc_align_center\"><p>Davanjem zekata musliman ne umanjuje svoj imetak, nego ga \u010disti i \u010dini blagoslovljenim. Zekat nas podsje\u0107a da bogatstvo nije cilj samo po sebi, nego sredstvo za dobro, pomo\u0107 drugima i izgradnju pravednijeg dru\u0161tva.<\/p>\n<p>D\u017eemat Zug poziva svoje \u010dlanove da ovu vjersku obavezu izvr\u0161avaju savjesno, odgovorno i sa iskrenom namjerom (nijjetom).<\/p>\n<\/div><\/div><!-- \/.sc_title -->[\/vc_column][\/vc_row]<\/p>\n<\/div>","protected":false},"excerpt":{"rendered":"<p>[vc_row hide_bg_image_on_tablet=\u201d\u201d hide_bg_image_on_mobile=\u201d\u201d css=\u201d.vc_custom_1771505507707{margin-top: 10em !important;margin-bottom: 10em !important;}\u201d el_class=\u201dmobilesmargin\u201d][vc_column][\/vc_column][\/vc_row][vc_row full_width=\u201dstretch_row\u201d hide_bg_image_on_tablet=\u201d\u201d hide_bg_image_on_mobile=\u201d\u201d css=\u201d.vc_custom_1771505530298{padding-top: 15em !important;padding-bottom: 15em !important;background-image: url(https:\/\/www.ig-zug.ch\/wp-content\/uploads\/2026\/02\/quran-bg.webp?id=4738) !important;background-position: center !important;background-repeat: no-repeat !important;background-size: cover !important;}\u201d&hellip;<\/p>\n","protected":false},"author":1,"featured_media":0,"parent":4663,"menu_order":0,"comment_status":"closed","ping_status":"closed","template":"","meta":{"footnotes":""},"class_list":["post-4734","page","type-page","status-publish","hentry"],"yoast_head":"<!-- This site is optimized with the Yoast SEO plugin v27.4 - https:\/\/yoast.com\/product\/yoast-seo-wordpress\/ -->\n<title>Zekat i sadekatu-l-fitr | D\u017eemat Zug<\/title>\n<meta name=\"description\" content=\"Informi\u0161ite se o zekatu i sadekatu-l-fitru te na\u010dinu uplate u D\u017eematu Zug. Podr\u017eite pomo\u0107 potrebnima kroz organizovanu i odgovornu raspodjelu sredstava.\" \/>\n<meta name=\"robots\" content=\"index, follow, max-snippet:-1, max-image-preview:large, max-video-preview:-1\" \/>\n<link rel=\"canonical\" href=\"https:\/\/www.ig-zug.ch\/bs\/znanje-o-islamu\/zekat-i-pomoc-siromasnima\/\" \/>\n<meta property=\"og:locale\" content=\"bs_BA\" \/>\n<meta property=\"og:type\" content=\"article\" \/>\n<meta property=\"og:title\" content=\"Zekat i sadekatu-l-fitr | D\u017eemat Zug\" \/>\n<meta property=\"og:description\" content=\"Informi\u0161ite se o zekatu i sadekatu-l-fitru te na\u010dinu uplate u D\u017eematu Zug. Podr\u017eite pomo\u0107 potrebnima kroz organizovanu i odgovornu raspodjelu sredstava.\" \/>\n<meta property=\"og:url\" content=\"https:\/\/www.ig-zug.ch\/bs\/znanje-o-islamu\/zekat-i-pomoc-siromasnima\/\" \/>\n<meta property=\"og:site_name\" content=\"D\u017eemat Zug\" \/>\n<meta property=\"article:modified_time\" content=\"2026-03-05T21:19:04+00:00\" \/>\n<meta name=\"twitter:card\" content=\"summary_large_image\" \/>\n<meta name=\"twitter:label1\" content=\"Est. reading time\" \/>\n\t<meta name=\"twitter:data1\" content=\"3 minute\" \/>\n<script type=\"application\/ld+json\" class=\"yoast-schema-graph\">{\"@context\":\"https:\\\/\\\/schema.org\",\"@graph\":[{\"@type\":\"WebPage\",\"@id\":\"https:\\\/\\\/www.ig-zug.ch\\\/bs\\\/znanje-o-islamu\\\/zekat-i-pomoc-siromasnima\\\/\",\"url\":\"https:\\\/\\\/www.ig-zug.ch\\\/bs\\\/znanje-o-islamu\\\/zekat-i-pomoc-siromasnima\\\/\",\"name\":\"Zekat i sadekatu-l-fitr | D\u017eemat Zug\",\"isPartOf\":{\"@id\":\"https:\\\/\\\/www.ig-zug.ch\\\/bs\\\/#website\"},\"datePublished\":\"2026-02-04T20:24:49+00:00\",\"dateModified\":\"2026-03-05T21:19:04+00:00\",\"description\":\"Informi\u0161ite se o zekatu i sadekatu-l-fitru te na\u010dinu uplate u D\u017eematu Zug. Podr\u017eite pomo\u0107 potrebnima kroz organizovanu i odgovornu raspodjelu sredstava.\",\"breadcrumb\":{\"@id\":\"https:\\\/\\\/www.ig-zug.ch\\\/bs\\\/znanje-o-islamu\\\/zekat-i-pomoc-siromasnima\\\/#breadcrumb\"},\"inLanguage\":\"bs-BA\",\"potentialAction\":[{\"@type\":\"ReadAction\",\"target\":[\"https:\\\/\\\/www.ig-zug.ch\\\/bs\\\/znanje-o-islamu\\\/zekat-i-pomoc-siromasnima\\\/\"]}]},{\"@type\":\"BreadcrumbList\",\"@id\":\"https:\\\/\\\/www.ig-zug.ch\\\/bs\\\/znanje-o-islamu\\\/zekat-i-pomoc-siromasnima\\\/#breadcrumb\",\"itemListElement\":[{\"@type\":\"ListItem\",\"position\":1,\"name\":\"Start\",\"item\":\"https:\\\/\\\/www.ig-zug.ch\\\/bs\\\/\"},{\"@type\":\"ListItem\",\"position\":2,\"name\":\"Znanje o Islamu\",\"item\":\"https:\\\/\\\/www.ig-zug.ch\\\/bs\\\/wissen-ueber-den-islam\\\/\"},{\"@type\":\"ListItem\",\"position\":3,\"name\":\"Zekat i pomo\u0107 siroma\u0161nima\"}]},{\"@type\":\"WebSite\",\"@id\":\"https:\\\/\\\/www.ig-zug.ch\\\/bs\\\/#website\",\"url\":\"https:\\\/\\\/www.ig-zug.ch\\\/bs\\\/\",\"name\":\"Verein IG des Kantons Zug\",\"description\":\"Bosnischer Kulturverein\",\"publisher\":{\"@id\":\"https:\\\/\\\/www.ig-zug.ch\\\/bs\\\/#organization\"},\"potentialAction\":[{\"@type\":\"SearchAction\",\"target\":{\"@type\":\"EntryPoint\",\"urlTemplate\":\"https:\\\/\\\/www.ig-zug.ch\\\/bs\\\/?s={search_term_string}\"},\"query-input\":{\"@type\":\"PropertyValueSpecification\",\"valueRequired\":true,\"valueName\":\"search_term_string\"}}],\"inLanguage\":\"bs-BA\"},{\"@type\":\"Organization\",\"@id\":\"https:\\\/\\\/www.ig-zug.ch\\\/bs\\\/#organization\",\"name\":\"D\u017eemat Zug\",\"url\":\"https:\\\/\\\/www.ig-zug.ch\\\/bs\\\/\",\"logo\":{\"@type\":\"ImageObject\",\"inLanguage\":\"bs-BA\",\"@id\":\"https:\\\/\\\/www.ig-zug.ch\\\/bs\\\/#\\\/schema\\\/logo\\\/image\\\/\",\"url\":\"https:\\\/\\\/www.ig-zug.ch\\\/wp-content\\\/uploads\\\/2026\\\/01\\\/DzZ_Logo_fullwhite.png\",\"contentUrl\":\"https:\\\/\\\/www.ig-zug.ch\\\/wp-content\\\/uploads\\\/2026\\\/01\\\/DzZ_Logo_fullwhite.png\",\"width\":250,\"height\":60,\"caption\":\"D\u017eemat Zug\"},\"image\":{\"@id\":\"https:\\\/\\\/www.ig-zug.ch\\\/bs\\\/#\\\/schema\\\/logo\\\/image\\\/\"}}]}<\/script>\n<!-- \/ Yoast SEO plugin. -->","yoast_head_json":{"title":"Zekat i sadekatu-l-fitr | D\u017eemat Zug","description":"Informi\u0161ite se o zekatu i sadekatu-l-fitru te na\u010dinu uplate u D\u017eematu Zug. Podr\u017eite pomo\u0107 potrebnima kroz organizovanu i odgovornu raspodjelu sredstava.","robots":{"index":"index","follow":"follow","max-snippet":"max-snippet:-1","max-image-preview":"max-image-preview:large","max-video-preview":"max-video-preview:-1"},"canonical":"https:\/\/www.ig-zug.ch\/bs\/znanje-o-islamu\/zekat-i-pomoc-siromasnima\/","og_locale":"bs_BA","og_type":"article","og_title":"Zekat i sadekatu-l-fitr | D\u017eemat Zug","og_description":"Informi\u0161ite se o zekatu i sadekatu-l-fitru te na\u010dinu uplate u D\u017eematu Zug. Podr\u017eite pomo\u0107 potrebnima kroz organizovanu i odgovornu raspodjelu sredstava.","og_url":"https:\/\/www.ig-zug.ch\/bs\/znanje-o-islamu\/zekat-i-pomoc-siromasnima\/","og_site_name":"D\u017eemat Zug","article_modified_time":"2026-03-05T21:19:04+00:00","twitter_card":"summary_large_image","twitter_misc":{"Est. reading time":"3 minute"},"schema":{"@context":"https:\/\/schema.org","@graph":[{"@type":"WebPage","@id":"https:\/\/www.ig-zug.ch\/bs\/znanje-o-islamu\/zekat-i-pomoc-siromasnima\/","url":"https:\/\/www.ig-zug.ch\/bs\/znanje-o-islamu\/zekat-i-pomoc-siromasnima\/","name":"Zekat i sadekatu-l-fitr | D\u017eemat Zug","isPartOf":{"@id":"https:\/\/www.ig-zug.ch\/bs\/#website"},"datePublished":"2026-02-04T20:24:49+00:00","dateModified":"2026-03-05T21:19:04+00:00","description":"Informi\u0161ite se o zekatu i sadekatu-l-fitru te na\u010dinu uplate u D\u017eematu Zug. Podr\u017eite pomo\u0107 potrebnima kroz organizovanu i odgovornu raspodjelu sredstava.","breadcrumb":{"@id":"https:\/\/www.ig-zug.ch\/bs\/znanje-o-islamu\/zekat-i-pomoc-siromasnima\/#breadcrumb"},"inLanguage":"bs-BA","potentialAction":[{"@type":"ReadAction","target":["https:\/\/www.ig-zug.ch\/bs\/znanje-o-islamu\/zekat-i-pomoc-siromasnima\/"]}]},{"@type":"BreadcrumbList","@id":"https:\/\/www.ig-zug.ch\/bs\/znanje-o-islamu\/zekat-i-pomoc-siromasnima\/#breadcrumb","itemListElement":[{"@type":"ListItem","position":1,"name":"Start","item":"https:\/\/www.ig-zug.ch\/bs\/"},{"@type":"ListItem","position":2,"name":"Znanje o Islamu","item":"https:\/\/www.ig-zug.ch\/bs\/wissen-ueber-den-islam\/"},{"@type":"ListItem","position":3,"name":"Zekat i pomo\u0107 siroma\u0161nima"}]},{"@type":"WebSite","@id":"https:\/\/www.ig-zug.ch\/bs\/#website","url":"https:\/\/www.ig-zug.ch\/bs\/","name":"Verein IG des Kantons Zug","description":"Bosnischer Kulturverein","publisher":{"@id":"https:\/\/www.ig-zug.ch\/bs\/#organization"},"potentialAction":[{"@type":"SearchAction","target":{"@type":"EntryPoint","urlTemplate":"https:\/\/www.ig-zug.ch\/bs\/?s={search_term_string}"},"query-input":{"@type":"PropertyValueSpecification","valueRequired":true,"valueName":"search_term_string"}}],"inLanguage":"bs-BA"},{"@type":"Organization","@id":"https:\/\/www.ig-zug.ch\/bs\/#organization","name":"D\u017eemat Zug","url":"https:\/\/www.ig-zug.ch\/bs\/","logo":{"@type":"ImageObject","inLanguage":"bs-BA","@id":"https:\/\/www.ig-zug.ch\/bs\/#\/schema\/logo\/image\/","url":"https:\/\/www.ig-zug.ch\/wp-content\/uploads\/2026\/01\/DzZ_Logo_fullwhite.png","contentUrl":"https:\/\/www.ig-zug.ch\/wp-content\/uploads\/2026\/01\/DzZ_Logo_fullwhite.png","width":250,"height":60,"caption":"D\u017eemat Zug"},"image":{"@id":"https:\/\/www.ig-zug.ch\/bs\/#\/schema\/logo\/image\/"}}]}},"_links":{"self":[{"href":"https:\/\/www.ig-zug.ch\/bs\/wp-json\/wp\/v2\/pages\/4734","targetHints":{"allow":["GET"]}}],"collection":[{"href":"https:\/\/www.ig-zug.ch\/bs\/wp-json\/wp\/v2\/pages"}],"about":[{"href":"https:\/\/www.ig-zug.ch\/bs\/wp-json\/wp\/v2\/types\/page"}],"author":[{"embeddable":true,"href":"https:\/\/www.ig-zug.ch\/bs\/wp-json\/wp\/v2\/users\/1"}],"replies":[{"embeddable":true,"href":"https:\/\/www.ig-zug.ch\/bs\/wp-json\/wp\/v2\/comments?post=4734"}],"version-history":[{"count":11,"href":"https:\/\/www.ig-zug.ch\/bs\/wp-json\/wp\/v2\/pages\/4734\/revisions"}],"predecessor-version":[{"id":5600,"href":"https:\/\/www.ig-zug.ch\/bs\/wp-json\/wp\/v2\/pages\/4734\/revisions\/5600"}],"up":[{"embeddable":true,"href":"https:\/\/www.ig-zug.ch\/bs\/wp-json\/wp\/v2\/pages\/4663"}],"wp:attachment":[{"href":"https:\/\/www.ig-zug.ch\/bs\/wp-json\/wp\/v2\/media?parent=4734"}],"curies":[{"name":"wp","href":"https:\/\/api.w.org\/{rel}","templated":true}]}}